{"id":16166,"date":"2016-09-09T13:19:03","date_gmt":"2016-09-09T13:19:03","guid":{"rendered":"https:\/\/www.atlasaruba.com\/auditorias-fiscales\/"},"modified":"2022-07-05T16:28:41","modified_gmt":"2022-07-05T16:28:41","slug":"auditorias-fiscales","status":"publish","type":"page","link":"https:\/\/www.atlasaruba.com\/es\/auditorias-fiscales\/","title":{"rendered":"Auditorias Fiscales"},"content":{"rendered":"<p>[vc_row row_type=\u00bbrow\u00bb use_row_as_full_screen_section=\u00bbno\u00bb type=\u00bbfull_width\u00bb angled_section=\u00bbno\u00bb text_align=\u00bbleft\u00bb background_image_as_pattern=\u00bbwithout_pattern\u00bb css_animation=\u00bb\u00bb][vc_column][vc_empty_space][\/vc_column][\/vc_row][vc_row row_type=\u00bbrow\u00bb use_row_as_full_screen_section=\u00bbno\u00bb type=\u00bbgrid\u00bb angled_section=\u00bbno\u00bb text_align=\u00bbleft\u00bb background_image_as_pattern=\u00bbwithout_pattern\u00bb css_animation=\u00bb\u00bb][vc_column][vc_column_text]En un momento dado existe la posibilidad, o m\u00e1s bien el riesgo, de que su empresa reciba un anuncio de que las autoridades fiscales desean realizar una auditor\u00eda. Las cuentas y los registros de su empresa pueden ser examinados por uno o m\u00e1s auditores. Muchas de estas auditor\u00edas finalmente resultan en evaluaciones nuevas o adicionales. Las autoridades fiscales rara vez conceden al contribuyente el beneficio de la duda y, al mismo tiempo, imponen sanciones.<\/p>\n<p>&nbsp;<\/p>\n<p>Los Tax Partners de ATLAS conocen mejor que nadie cu\u00e1les son sus derechos y deberes, y pueden brindarle la asistencia necesaria durante las auditor\u00edas fiscales. Considerar\u00e1n qu\u00e9 defensa podr\u00eda presentar contra los ajustes propuestos en el informe de auditor\u00eda y se asegurar\u00e1n de que no se impongan sanciones injustificadas. Tambi\u00e9n pueden trabajar con Accountancy Partners para asegurarse de que sus cuentas y registros est\u00e9n organizados correctamente y as\u00ed ayudarlo a garantizar que las autoridades fiscales no los rechacen.[\/vc_column_text][\/vc_column][\/vc_row][vc_row row_type=\u00bbrow\u00bb use_row_as_full_screen_section=\u00bbno\u00bb type=\u00bbfull_width\u00bb angled_section=\u00bbno\u00bb text_align=\u00bbleft\u00bb background_image_as_pattern=\u00bbwithout_pattern\u00bb css_animation=\u00bb\u00bb][vc_column][vc_empty_space height=\u00bb50&#8243;][\/vc_column][\/vc_row]<\/p>\n","protected":false},"excerpt":{"rendered":"<p>[vc_row row_type=\u00bbrow\u00bb use_row_as_full_screen_section=\u00bbno\u00bb type=\u00bbfull_width\u00bb angled_section=\u00bbno\u00bb text_align=\u00bbleft\u00bb background_image_as_pattern=\u00bbwithout_pattern\u00bb css_animation=\u00bb\u00bb][vc_column][vc_empty_space][\/vc_column][\/vc_row][vc_row row_type=\u00bbrow\u00bb use_row_as_full_screen_section=\u00bbno\u00bb type=\u00bbgrid\u00bb angled_section=\u00bbno\u00bb text_align=\u00bbleft\u00bb background_image_as_pattern=\u00bbwithout_pattern\u00bb css_animation=\u00bb\u00bb][vc_column][vc_column_text]En un momento dado existe la posibilidad, o m\u00e1s bien el riesgo, de que su empresa reciba un anuncio de que las autoridades fiscales desean realizar una auditor\u00eda. Las cuentas y&#8230;<\/p>\n","protected":false},"author":1,"featured_media":0,"parent":0,"menu_order":0,"comment_status":"closed","ping_status":"closed","template":"","meta":{"_monsterinsights_skip_tracking":false,"_monsterinsights_sitenote_active":false,"_monsterinsights_sitenote_note":"","_monsterinsights_sitenote_category":0,"footnotes":""},"class_list":["post-16166","page","type-page","status-publish","hentry"],"_links":{"self":[{"href":"https:\/\/www.atlasaruba.com\/es\/wp-json\/wp\/v2\/pages\/16166","targetHints":{"allow":["GET"]}}],"collection":[{"href":"https:\/\/www.atlasaruba.com\/es\/wp-json\/wp\/v2\/pages"}],"about":[{"href":"https:\/\/www.atlasaruba.com\/es\/wp-json\/wp\/v2\/types\/page"}],"author":[{"embeddable":true,"href":"https:\/\/www.atlasaruba.com\/es\/wp-json\/wp\/v2\/users\/1"}],"replies":[{"embeddable":true,"href":"https:\/\/www.atlasaruba.com\/es\/wp-json\/wp\/v2\/comments?post=16166"}],"version-history":[{"count":2,"href":"https:\/\/www.atlasaruba.com\/es\/wp-json\/wp\/v2\/pages\/16166\/revisions"}],"predecessor-version":[{"id":16168,"href":"https:\/\/www.atlasaruba.com\/es\/wp-json\/wp\/v2\/pages\/16166\/revisions\/16168"}],"wp:attachment":[{"href":"https:\/\/www.atlasaruba.com\/es\/wp-json\/wp\/v2\/media?parent=16166"}],"curies":[{"name":"wp","href":"https:\/\/api.w.org\/{rel}","templated":true}]}}