{"id":16160,"date":"2016-09-10T11:15:07","date_gmt":"2016-09-10T11:15:07","guid":{"rendered":"https:\/\/www.atlasaruba.com\/sistema-de-impuestos\/"},"modified":"2022-07-21T13:21:01","modified_gmt":"2022-07-21T13:21:01","slug":"sistema-de-impuestos","status":"publish","type":"page","link":"https:\/\/www.atlasaruba.com\/es\/sistema-de-impuestos\/","title":{"rendered":"Impuestos"},"content":{"rendered":"<p>[vc_row row_type=\u00bbrow\u00bb use_row_as_full_screen_section=\u00bbno\u00bb type=\u00bbfull_width\u00bb angled_section=\u00bbno\u00bb text_align=\u00bbleft\u00bb background_image_as_pattern=\u00bbwithout_pattern\u00bb css_animation=\u00bb\u00bb][vc_column][vc_column_text]<\/p>\n<h1>Caribe holand\u00e9s<\/h1>\n<p>[\/vc_column_text][\/vc_column][\/vc_row][vc_row row_type=\u00bbrow\u00bb use_row_as_full_screen_section=\u00bbno\u00bb type=\u00bbfull_width\u00bb angled_section=\u00bbno\u00bb text_align=\u00bbleft\u00bb background_image_as_pattern=\u00bbwithout_pattern\u00bb css_animation=\u00bb\u00bb][vc_column][vc_separator type=\u00bbnormal\u00bb color=\u00bb#1890c0&#8243; thickness=\u00bb1&#8243; up=\u00bb10&#8243; down=\u00bb10&#8243;][\/vc_column][\/vc_row][vc_row row_type=\u00bbrow\u00bb use_row_as_full_screen_section=\u00bbno\u00bb type=\u00bbfull_width\u00bb angled_section=\u00bbno\u00bb text_align=\u00bbleft\u00bb background_image_as_pattern=\u00bbwithout_pattern\u00bb css_animation=\u00bb\u00bb][vc_column][vc_column_text]Originalmente, el Reino de los Pa\u00edses Bajos constaba de dos pa\u00edses aut\u00f3nomos: los Pa\u00edses Bajos (es decir, el territorio de Europa) y las Antillas Neerlandesas. Las Antillas Holandesas consist\u00edan en un grupo de seis islas: Aruba, Curacao, Bonaire, Sint Maarten, Saba y Sint Eustatius. En 1986, Aruba se convirti\u00f3 en un pa\u00eds aut\u00f3nomo dentro del Reino de los Pa\u00edses Bajos y, a partir de ese momento, el Reino de los Pa\u00edses Bajos constaba de tres pa\u00edses aut\u00f3nomos: los Pa\u00edses Bajos, las Antillas Neerlandesas (es decir, Curazao, Bonaire, Sint Maarten, Saba y San Eustaquio) y Aruba. El 10 de octubre de 2010, las Antillas Neerlandesas fueron desmanteladas. Curazao y Sint Maarten se convirtieron en pa\u00edses aut\u00f3nomos dentro del Reino de los Pa\u00edses Bajos, similar a Aruba, y las islas de Bonaire, Saba y Sint Eustatius (las \u00abislas BES\u00bb) se convirtieron en municipios especiales de los Pa\u00edses Bajos.<\/p>\n<p>&nbsp;<\/p>\n<p>Aunque el Reino de los Pa\u00edses Bajos es responsable de los asuntos de defensa y pol\u00edtica exterior, Aruba, Curazao y Sint Maarten tienen su propia responsabilidad en otros asuntos, incluida la fiscalidad. Esto significa que Aruba, Curacao y Sint Maarten tienen sus propias leyes fiscales. Adem\u00e1s, con el desmantelamiento de las Antillas Neerlandesas, se introdujo un nuevo sistema fiscal para las islas BES. Todo esto significa que ahora tenemos que lidiar con cuatro sistemas fiscales diferentes en las seis islas del Caribe holand\u00e9s.[\/vc_column_text][\/vc_column][\/vc_row][vc_row row_type=\u00bbrow\u00bb use_row_as_full_screen_section=\u00bbno\u00bb type=\u00bbfull_width\u00bb angled_section=\u00bbno\u00bb text_align=\u00bbleft\u00bb background_image_as_pattern=\u00bbwithout_pattern\u00bb css_animation=\u00bb\u00bb][vc_column][vc_empty_space][\/vc_column][\/vc_row]<\/p>\n","protected":false},"excerpt":{"rendered":"<p>[vc_row row_type=\u00bbrow\u00bb use_row_as_full_screen_section=\u00bbno\u00bb type=\u00bbfull_width\u00bb angled_section=\u00bbno\u00bb text_align=\u00bbleft\u00bb background_image_as_pattern=\u00bbwithout_pattern\u00bb css_animation=\u00bb\u00bb][vc_column][vc_column_text] Caribe holand\u00e9s [\/vc_column_text][\/vc_column][\/vc_row][vc_row row_type=\u00bbrow\u00bb use_row_as_full_screen_section=\u00bbno\u00bb type=\u00bbfull_width\u00bb angled_section=\u00bbno\u00bb text_align=\u00bbleft\u00bb background_image_as_pattern=\u00bbwithout_pattern\u00bb css_animation=\u00bb\u00bb][vc_column][vc_separator type=\u00bbnormal\u00bb color=\u00bb#1890c0&#8243; thickness=\u00bb1&#8243; up=\u00bb10&#8243; down=\u00bb10&#8243;][\/vc_column][\/vc_row][vc_row row_type=\u00bbrow\u00bb use_row_as_full_screen_section=\u00bbno\u00bb type=\u00bbfull_width\u00bb angled_section=\u00bbno\u00bb text_align=\u00bbleft\u00bb background_image_as_pattern=\u00bbwithout_pattern\u00bb css_animation=\u00bb\u00bb][vc_column][vc_column_text]Originalmente, el Reino de los Pa\u00edses Bajos constaba de dos pa\u00edses aut\u00f3nomos: los Pa\u00edses Bajos (es&#8230;<\/p>\n","protected":false},"author":1,"featured_media":0,"parent":0,"menu_order":0,"comment_status":"closed","ping_status":"closed","template":"","meta":{"_monsterinsights_skip_tracking":false,"_monsterinsights_sitenote_active":false,"_monsterinsights_sitenote_note":"","_monsterinsights_sitenote_category":0,"footnotes":""},"class_list":["post-16160","page","type-page","status-publish","hentry"],"_links":{"self":[{"href":"https:\/\/www.atlasaruba.com\/es\/wp-json\/wp\/v2\/pages\/16160","targetHints":{"allow":["GET"]}}],"collection":[{"href":"https:\/\/www.atlasaruba.com\/es\/wp-json\/wp\/v2\/pages"}],"about":[{"href":"https:\/\/www.atlasaruba.com\/es\/wp-json\/wp\/v2\/types\/page"}],"author":[{"embeddable":true,"href":"https:\/\/www.atlasaruba.com\/es\/wp-json\/wp\/v2\/users\/1"}],"replies":[{"embeddable":true,"href":"https:\/\/www.atlasaruba.com\/es\/wp-json\/wp\/v2\/comments?post=16160"}],"version-history":[{"count":5,"href":"https:\/\/www.atlasaruba.com\/es\/wp-json\/wp\/v2\/pages\/16160\/revisions"}],"predecessor-version":[{"id":16317,"href":"https:\/\/www.atlasaruba.com\/es\/wp-json\/wp\/v2\/pages\/16160\/revisions\/16317"}],"wp:attachment":[{"href":"https:\/\/www.atlasaruba.com\/es\/wp-json\/wp\/v2\/media?parent=16160"}],"curies":[{"name":"wp","href":"https:\/\/api.w.org\/{rel}","templated":true}]}}