{"id":16157,"date":"2016-09-09T13:17:18","date_gmt":"2016-09-09T13:17:18","guid":{"rendered":"https:\/\/www.atlasaruba.com\/propiedad-inmueble\/"},"modified":"2022-07-05T16:23:56","modified_gmt":"2022-07-05T16:23:56","slug":"propiedad-inmueble","status":"publish","type":"page","link":"https:\/\/www.atlasaruba.com\/es\/propiedad-inmueble\/","title":{"rendered":"Propiedad inmueble"},"content":{"rendered":"<p>[vc_row row_type=\u00bbrow\u00bb use_row_as_full_screen_section=\u00bbno\u00bb type=\u00bbfull_width\u00bb angled_section=\u00bbno\u00bb text_align=\u00bbleft\u00bb background_image_as_pattern=\u00bbwithout_pattern\u00bb css_animation=\u00bb\u00bb][vc_column][vc_empty_space][\/vc_column][\/vc_row][vc_row row_type=\u00bbrow\u00bb use_row_as_full_screen_section=\u00bbno\u00bb type=\u00bbgrid\u00bb angled_section=\u00bbno\u00bb text_align=\u00bbleft\u00bb background_image_as_pattern=\u00bbwithout_pattern\u00bb css_animation=\u00bb\u00bb][vc_column][vc_column_text]Muchas personas, tanto residentes como extranjeros, est\u00e1n invirtiendo en propiedad inmuebles situados en los territorios caribe\u00f1os del Reino de los Pa\u00edses Bajos. Muchas personas, tanto residentes como extranjeros, est\u00e1n invirtiendo en propiedades inmuebles situados en los territorios caribe\u00f1os del Reino de los Pa\u00edses Bajos. Otra situaci\u00f3n com\u00fan se refiere a los resorts (&#8216;timeshares&#8217;).<\/p>\n<p>&nbsp;<\/p>\n<p>Varias formas de impuestos entran en juego en relaci\u00f3n con la propiedad inmobiliaria. Por ejemplo, la finalizaci\u00f3n de un nuevo desarrollo est\u00e1 sujeta al impuesto sobre las ventas <em>(belasting op bedrijfsomzetten en additionele voorzieningen PPS-projecten, <\/em>\u2018BBO\/BAVP\u2019<em>, bestemmingsheffing AZV, <\/em>\u2018BAZV\u2019<em>)<\/em>. Una transferencia legal da lugar a una obligaci\u00f3n tributaria por transferencia. Si la propiedad inmobiliaria se utiliza como un activo comercial, esa transferencia tambi\u00e9n puede dar lugar a un gravamen del impuesto sobre la renta de las personas f\u00edsicas o del impuesto sobre las ganancias. Sin embargo, al mismo tiempo, existen posibilidades para reducir la carga fiscal, por ejemplo, utilizando una adici\u00f3n a una provisi\u00f3n para reparaciones mayores en el futuro o adoptando un per\u00edodo de depreciaci\u00f3n m\u00e1s corto, si se puede presentar una justificaci\u00f3n suficiente para hacerlo. Los socios fiscales de ATLAS le ayudar\u00e1n a encontrar la salida de este laberinto de normas fiscales.[\/vc_column_text][\/vc_column][\/vc_row][vc_row row_type=\u00bbrow\u00bb use_row_as_full_screen_section=\u00bbno\u00bb type=\u00bbfull_width\u00bb angled_section=\u00bbno\u00bb text_align=\u00bbleft\u00bb background_image_as_pattern=\u00bbwithout_pattern\u00bb css_animation=\u00bb\u00bb][vc_column][vc_empty_space height=\u00bb50&#8243;][\/vc_column][\/vc_row]<\/p>\n","protected":false},"excerpt":{"rendered":"<p>[vc_row row_type=\u00bbrow\u00bb use_row_as_full_screen_section=\u00bbno\u00bb type=\u00bbfull_width\u00bb angled_section=\u00bbno\u00bb text_align=\u00bbleft\u00bb background_image_as_pattern=\u00bbwithout_pattern\u00bb css_animation=\u00bb\u00bb][vc_column][vc_empty_space][\/vc_column][\/vc_row][vc_row row_type=\u00bbrow\u00bb use_row_as_full_screen_section=\u00bbno\u00bb type=\u00bbgrid\u00bb angled_section=\u00bbno\u00bb text_align=\u00bbleft\u00bb background_image_as_pattern=\u00bbwithout_pattern\u00bb css_animation=\u00bb\u00bb][vc_column][vc_column_text]Muchas personas, tanto residentes como extranjeros, est\u00e1n invirtiendo en propiedad inmuebles situados en los territorios caribe\u00f1os del Reino de los Pa\u00edses Bajos. Muchas personas, tanto residentes como extranjeros, est\u00e1n invirtiendo en&#8230;<\/p>\n","protected":false},"author":1,"featured_media":0,"parent":0,"menu_order":0,"comment_status":"closed","ping_status":"closed","template":"","meta":{"_monsterinsights_skip_tracking":false,"_monsterinsights_sitenote_active":false,"_monsterinsights_sitenote_note":"","_monsterinsights_sitenote_category":0,"footnotes":""},"class_list":["post-16157","page","type-page","status-publish","hentry"],"_links":{"self":[{"href":"https:\/\/www.atlasaruba.com\/es\/wp-json\/wp\/v2\/pages\/16157","targetHints":{"allow":["GET"]}}],"collection":[{"href":"https:\/\/www.atlasaruba.com\/es\/wp-json\/wp\/v2\/pages"}],"about":[{"href":"https:\/\/www.atlasaruba.com\/es\/wp-json\/wp\/v2\/types\/page"}],"author":[{"embeddable":true,"href":"https:\/\/www.atlasaruba.com\/es\/wp-json\/wp\/v2\/users\/1"}],"replies":[{"embeddable":true,"href":"https:\/\/www.atlasaruba.com\/es\/wp-json\/wp\/v2\/comments?post=16157"}],"version-history":[{"count":2,"href":"https:\/\/www.atlasaruba.com\/es\/wp-json\/wp\/v2\/pages\/16157\/revisions"}],"predecessor-version":[{"id":16159,"href":"https:\/\/www.atlasaruba.com\/es\/wp-json\/wp\/v2\/pages\/16157\/revisions\/16159"}],"wp:attachment":[{"href":"https:\/\/www.atlasaruba.com\/es\/wp-json\/wp\/v2\/media?parent=16157"}],"curies":[{"name":"wp","href":"https:\/\/api.w.org\/{rel}","templated":true}]}}