{"id":16153,"date":"2016-09-09T13:07:29","date_gmt":"2016-09-09T13:07:29","guid":{"rendered":"https:\/\/www.atlasaruba.com\/practica\/"},"modified":"2022-07-05T16:21:12","modified_gmt":"2022-07-05T16:21:12","slug":"practica","status":"publish","type":"page","link":"https:\/\/www.atlasaruba.com\/es\/practica\/","title":{"rendered":"Pr\u00e1ctica"},"content":{"rendered":"<p>[vc_row row_type=\u00bbrow\u00bb use_row_as_full_screen_section=\u00bbno\u00bb type=\u00bbfull_width\u00bb angled_section=\u00bbno\u00bb text_align=\u00bbleft\u00bb background_image_as_pattern=\u00bbwithout_pattern\u00bb css_animation=\u00bb\u00bb][vc_column][vc_column_text]<\/p>\n<h1>Impuesto<\/h1>\n<p>[\/vc_column_text][\/vc_column][\/vc_row][vc_row row_type=\u00bbrow\u00bb use_row_as_full_screen_section=\u00bbno\u00bb type=\u00bbfull_width\u00bb angled_section=\u00bbno\u00bb text_align=\u00bbleft\u00bb background_image_as_pattern=\u00bbwithout_pattern\u00bb css_animation=\u00bb\u00bb][vc_column][vc_separator type=\u00bbnormal\u00bb color=\u00bb#1890c0&#8243; thickness=\u00bb1&#8243; up=\u00bb10&#8243; down=\u00bb10&#8243;][\/vc_column][\/vc_row][vc_row row_type=\u00bbrow\u00bb use_row_as_full_screen_section=\u00bbno\u00bb type=\u00bbgrid\u00bb angled_section=\u00bbno\u00bb text_align=\u00bbleft\u00bb background_image_as_pattern=\u00bbwithout_pattern\u00bb css_animation=\u00bb\u00bb][vc_column][vc_column_text]Los socios fiscales de ATLAS poseen a\u00f1os de experiencia en una amplia gama de cuestiones relacionadas con los impuestos. Con experiencia en asesoramiento fiscal, derecho tributario, gobierno y el sector bancario, brindan asesoramiento fiscal de alta calidad a personas de alto patrimonio neto y empresas medianas e internacionales, utilizando su experiencia combinada y sus conocimientos t\u00e9cnicos en el campo de impuestos Siempre que sea posible, y si as\u00ed lo desea, buscar\u00e1n acuerdos fiscales ventajosos con las autoridades fiscales; si es necesario, recurrir\u00e1n a medidas legales para proteger sus intereses fiscales.[\/vc_column_text][\/vc_column][\/vc_row][vc_row row_type=\u00bbrow\u00bb use_row_as_full_screen_section=\u00bbno\u00bb type=\u00bbfull_width\u00bb angled_section=\u00bbno\u00bb text_align=\u00bbleft\u00bb background_image_as_pattern=\u00bbwithout_pattern\u00bb css_animation=\u00bb\u00bb][vc_column][vc_empty_space height=\u00bb50px\u00bb][\/vc_column][\/vc_row][vc_row row_type=\u00bbrow\u00bb use_row_as_full_screen_section=\u00bbno\u00bb type=\u00bbfull_width\u00bb angled_section=\u00bbno\u00bb text_align=\u00bbleft\u00bb background_image_as_pattern=\u00bbwithout_pattern\u00bb css_animation=\u00bb\u00bb][vc_column width=\u00bb1\/2&#8243;][vc_single_image image=\u00bb16063&#8243; img_size=\u00bbfull\u00bb alignment=\u00bbcenter\u00bb onclick=\u00bbcustom_link\u00bb qode_css_animation=\u00bb\u00bb link=\u00bbhttp:%2F%2Fwww.sub.atlasaruba.com%2Freal-estate%2F|\u00bb][\/vc_column][vc_column width=\u00bb1\/2&#8243;][vc_column_text]<\/p>\n<h1>Propiedad inmueble<\/h1>\n<p>[\/vc_column_text][vc_separator type=\u00bbsmall\u00bb position=\u00bbleft\u00bb color=\u00bb#1890c0&#8243; thickness=\u00bb1&#8243; up=\u00bb10&#8243; down=\u00bb10&#8243;][vc_column_text]Muchas personas, tanto residentes como extranjeros, est\u00e1n invirtiendo en propiedad inmuebles situados en los territorios caribe\u00f1os del Reino de los Pa\u00edses Bajos. Muchas personas, tanto residentes como extranjeros, est\u00e1n invirtiendo en propiedades inmuebles situados en los territorios caribe\u00f1os del Reino de los Pa\u00edses Bajos. Otra situaci\u00f3n com\u00fan se refiere a los resorts (&#8216;timeshares&#8217;).[\/vc_column_text][vc_empty_space]<a  itemprop=\"url\" href=\"https:\/\/www.atlasaruba.com\/real-estate\/\" target=\"_self\"  class=\"qbutton  medium default\" style=\"\">Learn more<\/a>[\/vc_column][\/vc_row][vc_row row_type=\u00bbrow\u00bb use_row_as_full_screen_section=\u00bbno\u00bb type=\u00bbfull_width\u00bb angled_section=\u00bbno\u00bb text_align=\u00bbleft\u00bb background_image_as_pattern=\u00bbwithout_pattern\u00bb css_animation=\u00bb\u00bb][vc_column][vc_empty_space height=\u00bb50px\u00bb][\/vc_column][\/vc_row][vc_row row_type=\u00bbrow\u00bb use_row_as_full_screen_section=\u00bbno\u00bb type=\u00bbfull_width\u00bb angled_section=\u00bbno\u00bb text_align=\u00bbleft\u00bb background_image_as_pattern=\u00bbwithout_pattern\u00bb css_animation=\u00bb\u00bb][vc_column width=\u00bb1\/2&#8243;][vc_column_text]<\/p>\n<h1 class=\"wsite-content-title\">Sucesi\u00f3n Empresarial<\/h1>\n<p>[\/vc_column_text][vc_separator type=\u00bbsmall\u00bb position=\u00bbleft\u00bb color=\u00bb#1890c0&#8243; thickness=\u00bb1&#8243; up=\u00bb10&#8243; down=\u00bb10&#8243;][vc_column_text]A medida que la poblaci\u00f3n envejece cada vez m\u00e1s, la sucesi\u00f3n empresarial se est\u00e1 convirtiendo cada vez m\u00e1s en un tema de actualidad. Llegar\u00e1 un momento en el que desees disfrutar de tu merecida jubilaci\u00f3n y traspasar tu negocio a tus hijos, a un empleado oa un tercero. Existen diversas posibilidades para dar forma a una transmisi\u00f3n empresarial. Por ejemplo, si una empresa dirige un negocio, la transferencia puede involucrar algunas o todas las acciones de esa empresa, o los activos y pasivos de la empresa.[\/vc_column_text][vc_empty_space]<a  itemprop=\"url\" href=\"https:\/\/www.atlasaruba.com\/business-succession\/\" target=\"_self\"  class=\"qbutton  medium default\" style=\"\">Learn more<\/a>[\/vc_column][vc_column width=\u00bb1\/2&#8243;][vc_single_image image=\u00bb16064&#8243; img_size=\u00bbfull\u00bb alignment=\u00bbcenter\u00bb onclick=\u00bbcustom_link\u00bb qode_css_animation=\u00bb\u00bb link=\u00bbhttp:%2F%2Fwww.sub.atlasaruba.com%2Fbusiness-succession%2F|\u00bb][\/vc_column][\/vc_row][vc_row row_type=\u00bbrow\u00bb use_row_as_full_screen_section=\u00bbno\u00bb type=\u00bbfull_width\u00bb angled_section=\u00bbno\u00bb text_align=\u00bbleft\u00bb background_image_as_pattern=\u00bbwithout_pattern\u00bb css_animation=\u00bb\u00bb][vc_column][vc_empty_space height=\u00bb50px\u00bb][\/vc_column][\/vc_row][vc_row row_type=\u00bbrow\u00bb use_row_as_full_screen_section=\u00bbno\u00bb type=\u00bbfull_width\u00bb angled_section=\u00bbno\u00bb text_align=\u00bbleft\u00bb background_image_as_pattern=\u00bbwithout_pattern\u00bb css_animation=\u00bb\u00bb][vc_column width=\u00bb1\/2&#8243;][vc_single_image image=\u00bb16065&#8243; img_size=\u00bbfull\u00bb alignment=\u00bbcenter\u00bb onclick=\u00bbcustom_link\u00bb qode_css_animation=\u00bb\u00bb link=\u00bbhttp:%2F%2Fwww.sub.atlasaruba.com%2Femmigration-immigration%2F|\u00bb][\/vc_column][vc_column width=\u00bb1\/2&#8243;][vc_column_text]<\/p>\n<h1 class=\"wsite-content-title\">Emigraci\u00f3n \/ Inmigraci\u00f3n<\/h1>\n<p>[\/vc_column_text][vc_separator type=\u00bbsmall\u00bb position=\u00bbleft\u00bb color=\u00bb#1890c0&#8243; thickness=\u00bb1&#8243; up=\u00bb10&#8243; down=\u00bb10&#8243;][vc_column_text]Las reubicaciones transfronterizas dan lugar a numerosas preocupaciones. Adem\u00e1s de cuestiones como los permisos de residencia y trabajo, es importante no pasar por alto las implicaciones fiscales. Este es a\u00fan m\u00e1s el caso de los due\u00f1os de negocios. La emigraci\u00f3n puede dar lugar a una liquidaci\u00f3n fiscal final sobre las reservas ocultas y el fondo de comercio de su empresa en ese momento.[\/vc_column_text][vc_empty_space]<a  itemprop=\"url\" href=\"https:\/\/www.atlasaruba.com\/emmigration-immigration\/\" target=\"_self\"  class=\"qbutton  medium default\" style=\"\">Learn more<\/a>[\/vc_column][\/vc_row][vc_row row_type=\u00bbrow\u00bb use_row_as_full_screen_section=\u00bbno\u00bb type=\u00bbfull_width\u00bb angled_section=\u00bbno\u00bb text_align=\u00bbleft\u00bb background_image_as_pattern=\u00bbwithout_pattern\u00bb css_animation=\u00bb\u00bb][vc_column][vc_empty_space height=\u00bb50px\u00bb][\/vc_column][\/vc_row][vc_row row_type=\u00bbrow\u00bb use_row_as_full_screen_section=\u00bbno\u00bb type=\u00bbfull_width\u00bb angled_section=\u00bbno\u00bb text_align=\u00bbleft\u00bb background_image_as_pattern=\u00bbwithout_pattern\u00bb css_animation=\u00bb\u00bb][vc_column width=\u00bb1\/2&#8243;][vc_column_text]<\/p>\n<h1>Sector Hotelero<\/h1>\n<p>[\/vc_column_text][vc_separator type=\u00bbsmall\u00bb position=\u00bbleft\u00bb color=\u00bb#1890c0&#8243; thickness=\u00bb1&#8243; up=\u00bb10&#8243; down=\u00bb10&#8243;][vc_column_text]La cartera de clientes de ATLAS incluye varios hoteles. Los hoteles se enfrentan a numerosos problemas fiscales. Por ejemplo, no deben retrasarse en el pago del impuesto sobre el salario y las contribuciones a la seguridad social sobre los salarios pagados a sus empleados. La asignaci\u00f3n de reparaci\u00f3n (<em>reparatietoeslag<\/em>) puede compensarse con estas remesas.[\/vc_column_text][vc_empty_space]<a  itemprop=\"url\" href=\"https:\/\/www.atlasaruba.com\/hotel-sector\/\" target=\"_self\"  class=\"qbutton  medium default\" style=\"\">Learn more<\/a>[\/vc_column][vc_column width=\u00bb1\/2&#8243;][vc_single_image image=\u00bb16067&#8243; img_size=\u00bbfull\u00bb alignment=\u00bbcenter\u00bb onclick=\u00bbcustom_link\u00bb qode_css_animation=\u00bb\u00bb link=\u00bbhttp:%2F%2Fwww.sub.atlasaruba.com%2Fhotel-sector%2F|\u00bb][\/vc_column][\/vc_row][vc_row row_type=\u00bbrow\u00bb use_row_as_full_screen_section=\u00bbno\u00bb type=\u00bbfull_width\u00bb angled_section=\u00bbno\u00bb text_align=\u00bbleft\u00bb background_image_as_pattern=\u00bbwithout_pattern\u00bb css_animation=\u00bb\u00bb][vc_column][vc_empty_space height=\u00bb50px\u00bb][\/vc_column][\/vc_row][vc_row row_type=\u00bbrow\u00bb use_row_as_full_screen_section=\u00bbno\u00bb type=\u00bbfull_width\u00bb angled_section=\u00bbno\u00bb text_align=\u00bbleft\u00bb background_image_as_pattern=\u00bbwithout_pattern\u00bb css_animation=\u00bb\u00bb][vc_column width=\u00bb1\/2&#8243;][vc_single_image image=\u00bb16068&#8243; img_size=\u00bbfull\u00bb alignment=\u00bbcenter\u00bb onclick=\u00bbcustom_link\u00bb qode_css_animation=\u00bb\u00bb link=\u00bbhttp:%2F%2Fwww.sub.atlasaruba.com%2Ftax-audits%2F|\u00bb][\/vc_column][vc_column width=\u00bb1\/2&#8243;][vc_column_text]<\/p>\n<h1>Auditorias Fiscales<\/h1>\n<p>[\/vc_column_text][vc_separator type=\u00bbsmall\u00bb position=\u00bbleft\u00bb color=\u00bb#1890c0&#8243; thickness=\u00bb1&#8243; up=\u00bb10&#8243; down=\u00bb10&#8243;][vc_column_text]En un momento dado existe la posibilidad, o m\u00e1s bien el riesgo, de que su empresa reciba un anuncio de que las autoridades fiscales desean realizar una auditor\u00eda. Las cuentas y los registros de su empresa pueden ser examinados por uno o m\u00e1s auditores. Muchas de estas auditor\u00edas finalmente resultan en evaluaciones nuevas o adicionales. Las autoridades fiscales rara vez conceden al contribuyente el beneficio de la duda y, al mismo tiempo, imponen sanciones.[\/vc_column_text][vc_empty_space]<a  itemprop=\"url\" href=\"https:\/\/www.atlasaruba.com\/tax-audits\/\" target=\"_self\"  class=\"qbutton  medium default\" style=\"\">Learn more<\/a>[\/vc_column][\/vc_row][vc_row row_type=\u00bbrow\u00bb use_row_as_full_screen_section=\u00bbno\u00bb type=\u00bbfull_width\u00bb angled_section=\u00bbno\u00bb text_align=\u00bbleft\u00bb background_image_as_pattern=\u00bbwithout_pattern\u00bb css_animation=\u00bb\u00bb][vc_column][vc_empty_space height=\u00bb50px\u00bb][\/vc_column][\/vc_row][vc_row row_type=\u00bbrow\u00bb use_row_as_full_screen_section=\u00bbno\u00bb type=\u00bbfull_width\u00bb angled_section=\u00bbno\u00bb text_align=\u00bbleft\u00bb background_image_as_pattern=\u00bbwithout_pattern\u00bb css_animation=\u00bb\u00bb][vc_column width=\u00bb1\/2&#8243;][vc_column_text]<\/p>\n<h1 class=\"wsite-content-title\">Mano de obra transfronteriza<\/h1>\n<p>[\/vc_column_text][vc_separator type=\u00bbsmall\u00bb position=\u00bbleft\u00bb color=\u00bb#1890c0&#8243; thickness=\u00bb1&#8243; up=\u00bb10&#8243; down=\u00bb10&#8243;][vc_column_text]Cada a\u00f1o, los territorios caribe\u00f1os del Reino de los Pa\u00edses Bajos dan la bienvenida a miles de empleados extranjeros, que visitan aqu\u00ed para trabajar en trabajos temporales, por ejemplo, en relaci\u00f3n con la construcci\u00f3n o renovaci\u00f3n de un hotel, trabajos de mantenimiento o entretenimiento. El trabajo transfronterizo puede dar lugar a la obligaci\u00f3n de pagar el impuesto sobre los salarios y\/o el impuesto sobre la renta de las personas f\u00edsicas. Del mismo modo, las contribuciones a la seguridad social tambi\u00e9n pueden ser pagaderas.[\/vc_column_text][vc_empty_space]<a  itemprop=\"url\" href=\"https:\/\/www.atlasaruba.com\/cross-border-labor\/\" target=\"_self\"  class=\"qbutton  medium default\" style=\"\">Learn more<\/a>[\/vc_column][vc_column width=\u00bb1\/2&#8243;][vc_single_image image=\u00bb16069&#8243; img_size=\u00bbfull\u00bb alignment=\u00bbcenter\u00bb onclick=\u00bbcustom_link\u00bb qode_css_animation=\u00bb\u00bb link=\u00bbhttp:%2F%2Fwww.sub.atlasaruba.com%2Fcross-border-labor%2F|\u00bb][\/vc_column][\/vc_row][vc_row row_type=\u00bbrow\u00bb use_row_as_full_screen_section=\u00bbno\u00bb type=\u00bbfull_width\u00bb angled_section=\u00bbno\u00bb text_align=\u00bbleft\u00bb background_image_as_pattern=\u00bbwithout_pattern\u00bb css_animation=\u00bb\u00bb][vc_column][vc_empty_space height=\u00bb50px\u00bb][\/vc_column][\/vc_row][vc_row row_type=\u00bbrow\u00bb use_row_as_full_screen_section=\u00bbno\u00bb type=\u00bbfull_width\u00bb angled_section=\u00bbno\u00bb text_align=\u00bbleft\u00bb background_image_as_pattern=\u00bbwithout_pattern\u00bb css_animation=\u00bb\u00bb][vc_column width=\u00bb1\/2&#8243;][vc_single_image image=\u00bb16081&#8243; img_size=\u00bbfull\u00bb alignment=\u00bbcenter\u00bb onclick=\u00bbcustom_link\u00bb qode_css_animation=\u00bb\u00bb link=\u00bbhttp:%2F%2Fwww.sub.atlasaruba.com%2Fobjections-appeals%2F|\u00bb][\/vc_column][vc_column width=\u00bb1\/2&#8243;][vc_column_text]<\/p>\n<h1 class=\"wsite-content-title\">Objeciones \/ Apelaciones<\/h1>\n<p>[\/vc_column_text][vc_separator type=\u00bbsmall\u00bb position=\u00bbleft\u00bb color=\u00bb#1890c0&#8243; thickness=\u00bb1&#8243; up=\u00bb10&#8243; down=\u00bb10&#8243;][vc_column_text]Nunca es agradable estar en desacuerdo con las autoridades fiscales. Como tal, generalmente es preferible buscar una compensaci\u00f3n fiscal, que le permita concentrarse \u00fanicamente en sus operaciones comerciales sin desperdiciar energ\u00eda innecesariamente en cuestiones fiscales. Lamentablemente, esto no siempre es posible. Las autoridades fiscales a veces adoptan una posici\u00f3n \u00abintratable\u00bb.[\/vc_column_text][vc_empty_space]<a  itemprop=\"url\" href=\"https:\/\/www.atlasaruba.com\/objections-appeals\/\" target=\"_self\"  class=\"qbutton  medium default\" style=\"\">Learn more<\/a>[\/vc_column][\/vc_row][vc_row row_type=\u00bbrow\u00bb use_row_as_full_screen_section=\u00bbno\u00bb type=\u00bbfull_width\u00bb angled_section=\u00bbno\u00bb text_align=\u00bbleft\u00bb background_image_as_pattern=\u00bbwithout_pattern\u00bb css_animation=\u00bb\u00bb][vc_column][vc_empty_space height=\u00bb50px\u00bb][\/vc_column][\/vc_row]<\/p>\n","protected":false},"excerpt":{"rendered":"<p>[vc_row row_type=\u00bbrow\u00bb use_row_as_full_screen_section=\u00bbno\u00bb type=\u00bbfull_width\u00bb angled_section=\u00bbno\u00bb text_align=\u00bbleft\u00bb background_image_as_pattern=\u00bbwithout_pattern\u00bb css_animation=\u00bb\u00bb][vc_column][vc_column_text] Impuesto [\/vc_column_text][\/vc_column][\/vc_row][vc_row row_type=\u00bbrow\u00bb use_row_as_full_screen_section=\u00bbno\u00bb type=\u00bbfull_width\u00bb angled_section=\u00bbno\u00bb text_align=\u00bbleft\u00bb background_image_as_pattern=\u00bbwithout_pattern\u00bb css_animation=\u00bb\u00bb][vc_column][vc_separator type=\u00bbnormal\u00bb color=\u00bb#1890c0&#8243; thickness=\u00bb1&#8243; up=\u00bb10&#8243; down=\u00bb10&#8243;][\/vc_column][\/vc_row][vc_row row_type=\u00bbrow\u00bb use_row_as_full_screen_section=\u00bbno\u00bb type=\u00bbgrid\u00bb angled_section=\u00bbno\u00bb text_align=\u00bbleft\u00bb background_image_as_pattern=\u00bbwithout_pattern\u00bb css_animation=\u00bb\u00bb][vc_column][vc_column_text]Los socios fiscales de ATLAS poseen a\u00f1os de experiencia en una amplia gama de cuestiones relacionadas con&#8230;<\/p>\n","protected":false},"author":1,"featured_media":0,"parent":0,"menu_order":0,"comment_status":"closed","ping_status":"closed","template":"","meta":{"_monsterinsights_skip_tracking":false,"_monsterinsights_sitenote_active":false,"_monsterinsights_sitenote_note":"","_monsterinsights_sitenote_category":0,"footnotes":""},"class_list":["post-16153","page","type-page","status-publish","hentry"],"_links":{"self":[{"href":"https:\/\/www.atlasaruba.com\/es\/wp-json\/wp\/v2\/pages\/16153","targetHints":{"allow":["GET"]}}],"collection":[{"href":"https:\/\/www.atlasaruba.com\/es\/wp-json\/wp\/v2\/pages"}],"about":[{"href":"https:\/\/www.atlasaruba.com\/es\/wp-json\/wp\/v2\/types\/page"}],"author":[{"embeddable":true,"href":"https:\/\/www.atlasaruba.com\/es\/wp-json\/wp\/v2\/users\/1"}],"replies":[{"embeddable":true,"href":"https:\/\/www.atlasaruba.com\/es\/wp-json\/wp\/v2\/comments?post=16153"}],"version-history":[{"count":3,"href":"https:\/\/www.atlasaruba.com\/es\/wp-json\/wp\/v2\/pages\/16153\/revisions"}],"predecessor-version":[{"id":16156,"href":"https:\/\/www.atlasaruba.com\/es\/wp-json\/wp\/v2\/pages\/16153\/revisions\/16156"}],"wp:attachment":[{"href":"https:\/\/www.atlasaruba.com\/es\/wp-json\/wp\/v2\/media?parent=16153"}],"curies":[{"name":"wp","href":"https:\/\/api.w.org\/{rel}","templated":true}]}}