{"id":16150,"date":"2016-09-17T10:03:57","date_gmt":"2016-09-17T10:03:57","guid":{"rendered":"https:\/\/www.atlasaruba.com\/nuestro-equipo-de-expertos\/"},"modified":"2022-07-05T16:12:56","modified_gmt":"2022-07-05T16:12:56","slug":"nuestro-equipo-de-expertos","status":"publish","type":"page","link":"https:\/\/www.atlasaruba.com\/es\/nuestro-equipo-de-expertos\/","title":{"rendered":"Nuestro equipo de expertos"},"content":{"rendered":"<p>[vc_row css_animation=\u00bb\u00bb row_type=\u00bbrow\u00bb use_row_as_full_screen_section=\u00bbno\u00bb type=\u00bbfull_width\u00bb angled_section=\u00bbno\u00bb text_align=\u00bbleft\u00bb background_image_as_pattern=\u00bbwithout_pattern\u00bb][vc_column width=\u00bb1\/3&#8243;]<div class='q_team'><div class='q_team_inner'><div class='q_team_image'><img itemprop='image' src='https:\/\/www.atlasaruba.com\/wp-content\/uploads\/2014\/11\/benno.jpg' alt='benno' \/><div class='q_team_description_wrapper'><div class='q_team_description'><div class='q_team_description_inner'><p>Contact Benno directly at: + (297) 730 4471 or benno@atlasaruba.com<\/p><\/div><\/div><\/div><\/div><div class='q_team_text' ><div class='q_team_text_inner'><div class='q_team_title_holder'><h3 class='q_team_name' style = ''>Benno Oldenhof LLM<\/h3><span style = ''>Tax Lawyer<\/span><\/div><\/div><div class='q_team_social_holder'><\/div><\/div><\/div><\/div>[\/vc_column][vc_column width=\u00bb2\/3&#8243;][vc_column_text]<\/p>\n<p style=\"text-align: left;\">Benno Oldenhof trabaja en la oficina de Aruba, aunque visita con frecuencia St. Maarten, Bonaire, Curacao y los Pa\u00edses Bajos. Es licenciado en Derecho Fiscal por la Universidad de Amsterdam (donde se gradu\u00f3 cum laude).<\/p>\n<p style=\"text-align: left;\"><!--more--><\/p>\n<p style=\"text-align: left;\">Despu\u00e9s de trabajar para KPMG y Ernst &amp; Young en los Pa\u00edses Bajos, las Antillas Neerlandesas y Aruba y para la Direcci\u00f3n de Impuestos en Aruba, se convirti\u00f3 en socio fiscal de Gomez &amp; Bikker. Varios a\u00f1os despu\u00e9s, fue uno de los fundadores de ATLAS. Su pr\u00e1ctica se concentra en el derecho tributario nacional e internacional de Aruba, St. Maarten y las islas BES. Es un autor publicado en estas \u00e1reas y ense\u00f1a en varios programas de educaci\u00f3n fiscal. Benno tambi\u00e9n ocupa el cargo de presidente de la Asociaci\u00f3n de Asesores Fiscales de Aruba.<\/p>\n<p>[\/vc_column_text][\/vc_column][\/vc_row][vc_row css_animation=\u00bb\u00bb row_type=\u00bbrow\u00bb use_row_as_full_screen_section=\u00bbno\u00bb type=\u00bbfull_width\u00bb angled_section=\u00bbno\u00bb text_align=\u00bbleft\u00bb background_image_as_pattern=\u00bbwithout_pattern\u00bb][vc_column][vc_empty_space][\/vc_column][\/vc_row][vc_row css_animation=\u00bb\u00bb row_type=\u00bbrow\u00bb use_row_as_full_screen_section=\u00bbno\u00bb type=\u00bbfull_width\u00bb angled_section=\u00bbno\u00bb text_align=\u00bbleft\u00bb background_image_as_pattern=\u00bbwithout_pattern\u00bb][vc_column width=\u00bb1\/3&#8243;]<div class='q_team'><div class='q_team_inner'><div class='q_team_image'><img itemprop='image' src='https:\/\/www.atlasaruba.com\/wp-content\/uploads\/2014\/11\/ryan.jpg' alt='ryan' \/><div class='q_team_description_wrapper'><div class='q_team_description'><div class='q_team_description_inner'><p>Contact Ryan directly at: + (297) 593 9244 or ryan@atlasaruba.com<\/p><\/div><\/div><\/div><\/div><div class='q_team_text' ><div class='q_team_text_inner'><div class='q_team_title_holder'><h3 class='q_team_name' style = ''>Ryan Kock AA<\/h3><span style = ''>Tax Lawyer\/Accountant<\/span><\/div><\/div><div class='q_team_social_holder'><\/div><\/div><\/div><\/div>[\/vc_column][vc_column width=\u00bb2\/3&#8243;][vc_column_text]<\/p>\n<p style=\"text-align: left;\">Ryan Kock es abogado fiscal y contador p\u00fablico certificado (AA). Anteriormente trabaj\u00f3 como contador y asesor fiscal en Ernst &amp; Young durante catorce a\u00f1os, primero en los Pa\u00edses Bajos y luego en Aruba, donde tambi\u00e9n fue gerente general de la oficina de Aruba durante cinco a\u00f1os. En 2009-2011 se desempe\u00f1\u00f3 como director financiero de un banco comercial local en Aruba. Ryan se uni\u00f3 a nuestra firma en 2012.<\/p>\n<p>[\/vc_column_text][\/vc_column][\/vc_row][vc_row css_animation=\u00bb\u00bb row_type=\u00bbrow\u00bb use_row_as_full_screen_section=\u00bbno\u00bb type=\u00bbfull_width\u00bb angled_section=\u00bbno\u00bb text_align=\u00bbleft\u00bb background_image_as_pattern=\u00bbwithout_pattern\u00bb][vc_column][vc_empty_space][\/vc_column][\/vc_row][vc_row css_animation=\u00bb\u00bb row_type=\u00bbrow\u00bb use_row_as_full_screen_section=\u00bbno\u00bb type=\u00bbfull_width\u00bb angled_section=\u00bbno\u00bb text_align=\u00bbleft\u00bb background_image_as_pattern=\u00bbwithout_pattern\u00bb][vc_column width=\u00bb1\/3&#8243;]<div class='q_team'><div class='q_team_inner'><div class='q_team_image'><img itemprop='image' src='https:\/\/www.atlasaruba.com\/wp-content\/uploads\/2014\/11\/jolan.jpg' alt='jolan' \/><div class='q_team_description_wrapper'><div class='q_team_description'><div class='q_team_description_inner'><p>Contact Jolan directly at: +31 (0) 6 24381569 or jolan@atlasaruba.com<\/p><\/div><\/div><\/div><\/div><div class='q_team_text' ><div class='q_team_text_inner'><div class='q_team_title_holder'><h3 class='q_team_name' style = ''>Jolan Hoevenaars MSc LLM<\/h3><span style = ''>Tax Lawyer<\/span><\/div><\/div><div class='q_team_social_holder'><\/div><\/div><\/div><\/div>[\/vc_column][vc_column width=\u00bb2\/3&#8243;][vc_column_text]<\/p>\n<p style=\"text-align: left;\">Jolan Hoevenaars es un abogado fiscal con veinte a\u00f1os de experiencia avanzada asesorando a clientes en Aruba, Saint Martin y Bonaire en una amplia gama de asuntos fiscales y asuntos espec\u00edficos de derecho civil, principalmente internacionales. Tiene cuatro maestr\u00edas de la Universidad de Tilburg: en Econom\u00eda (con especializaci\u00f3n en Econom\u00eda Fiscal; graduado con honores), Derecho Tributario, Derecho Europeo y Derecho Holand\u00e9s (con especializaci\u00f3n en Derecho Civil y Penal). Jolan tambi\u00e9n asisti\u00f3 al European Tax College en Lovaina, B\u00e9lgica, donde se gradu\u00f3 con honores.<\/p>\n<p style=\"text-align: left;\"><!--more--><\/p>\n<p style=\"text-align: left;\">Jolan trabaj\u00f3 anteriormente como abogado fiscal para Loyens &amp; Loeff en Rotterdam. Durante su tiempo all\u00ed estuvo destinado en Praga (Rep\u00fablica Checa), donde trabaj\u00f3 con un bufete de abogados de Europa del Este. Tambi\u00e9n pas\u00f3 varios a\u00f1os viviendo y trabajando en Aruba como asesor fiscal dentro de la Direcci\u00f3n de Impuestos.<\/p>\n<p>[\/vc_column_text][\/vc_column][\/vc_row][vc_row css_animation=\u00bb\u00bb row_type=\u00bbrow\u00bb use_row_as_full_screen_section=\u00bbno\u00bb type=\u00bbfull_width\u00bb angled_section=\u00bbno\u00bb text_align=\u00bbleft\u00bb background_image_as_pattern=\u00bbwithout_pattern\u00bb][vc_column][vc_empty_space][\/vc_column][\/vc_row]<\/p>\n","protected":false},"excerpt":{"rendered":"<p>[vc_row css_animation=\u00bb\u00bb row_type=\u00bbrow\u00bb use_row_as_full_screen_section=\u00bbno\u00bb type=\u00bbfull_width\u00bb angled_section=\u00bbno\u00bb text_align=\u00bbleft\u00bb background_image_as_pattern=\u00bbwithout_pattern\u00bb][vc_column width=\u00bb1\/3&#8243;][\/vc_column][vc_column width=\u00bb2\/3&#8243;][vc_column_text] Benno Oldenhof trabaja en la oficina de Aruba, aunque visita con frecuencia St. Maarten, Bonaire, Curacao y los Pa\u00edses Bajos. Es licenciado en Derecho Fiscal por la Universidad de Amsterdam (donde se gradu\u00f3 cum laude).<\/p>\n","protected":false},"author":1,"featured_media":0,"parent":0,"menu_order":0,"comment_status":"closed","ping_status":"closed","template":"","meta":{"_monsterinsights_skip_tracking":false,"_monsterinsights_sitenote_active":false,"_monsterinsights_sitenote_note":"","_monsterinsights_sitenote_category":0,"footnotes":""},"class_list":["post-16150","page","type-page","status-publish","hentry"],"_links":{"self":[{"href":"https:\/\/www.atlasaruba.com\/es\/wp-json\/wp\/v2\/pages\/16150","targetHints":{"allow":["GET"]}}],"collection":[{"href":"https:\/\/www.atlasaruba.com\/es\/wp-json\/wp\/v2\/pages"}],"about":[{"href":"https:\/\/www.atlasaruba.com\/es\/wp-json\/wp\/v2\/types\/page"}],"author":[{"embeddable":true,"href":"https:\/\/www.atlasaruba.com\/es\/wp-json\/wp\/v2\/users\/1"}],"replies":[{"embeddable":true,"href":"https:\/\/www.atlasaruba.com\/es\/wp-json\/wp\/v2\/comments?post=16150"}],"version-history":[{"count":2,"href":"https:\/\/www.atlasaruba.com\/es\/wp-json\/wp\/v2\/pages\/16150\/revisions"}],"predecessor-version":[{"id":16152,"href":"https:\/\/www.atlasaruba.com\/es\/wp-json\/wp\/v2\/pages\/16150\/revisions\/16152"}],"wp:attachment":[{"href":"https:\/\/www.atlasaruba.com\/es\/wp-json\/wp\/v2\/media?parent=16150"}],"curies":[{"name":"wp","href":"https:\/\/api.w.org\/{rel}","templated":true}]}}