{"id":16147,"date":"2016-09-09T13:19:36","date_gmt":"2016-09-09T13:19:36","guid":{"rendered":"https:\/\/www.atlasaruba.com\/objeciones-apelaciones\/"},"modified":"2022-07-05T16:03:34","modified_gmt":"2022-07-05T16:03:34","slug":"objeciones-apelaciones","status":"publish","type":"page","link":"https:\/\/www.atlasaruba.com\/es\/objeciones-apelaciones\/","title":{"rendered":"Objeciones \/ Apelaciones"},"content":{"rendered":"<p>[vc_row row_type=\u00bbrow\u00bb use_row_as_full_screen_section=\u00bbno\u00bb type=\u00bbfull_width\u00bb angled_section=\u00bbno\u00bb text_align=\u00bbleft\u00bb background_image_as_pattern=\u00bbwithout_pattern\u00bb css_animation=\u00bb\u00bb][vc_column][vc_empty_space][\/vc_column][\/vc_row][vc_row row_type=\u00bbrow\u00bb use_row_as_full_screen_section=\u00bbno\u00bb type=\u00bbgrid\u00bb angled_section=\u00bbno\u00bb text_align=\u00bbleft\u00bb background_image_as_pattern=\u00bbwithout_pattern\u00bb css_animation=\u00bb\u00bb][vc_column][vc_column_text]Nunca es agradable estar en desacuerdo con las autoridades fiscales. Como tal, generalmente es preferible buscar una compensaci\u00f3n fiscal, que le permita concentrarse \u00fanicamente en sus operaciones comerciales sin desperdiciar energ\u00eda innecesariamente en cuestiones fiscales.<\/p>\n<p>&nbsp;<\/p>\n<p>Lamentablemente, esto no siempre es posible. Las autoridades fiscales a veces adoptan una posici\u00f3n \u00abintratable\u00bb. Otra posibilidad es que las implicaciones fiscales de una situaci\u00f3n particular sean inciertas, si el Tribunal de Primera Instancia de Aruba (<em>Gerecht in Eerste Aanleg van Aruba<\/em>) o la Corte Conjunta de Justicia de Aruba, Curazao, Sint Maarten, y de Bonaire, San Eustaquio y Saba (<em>Gemeenschappelijk Hof van Justitie van Aruba, Curacao, Sint Maarten, en van Bonaire, St. Eustatius en Saba<\/em>) necesita resolver una cuesti\u00f3n de derecho para eliminar esa incertidumbre.<\/p>\n<p>&nbsp;<\/p>\n<p>En tales situaciones, los socios fiscales de ATLAS luchan con las autoridades fiscales en su nombre y hacen todo lo posible para resolver sus problemas fiscales.[\/vc_column_text][\/vc_column][\/vc_row][vc_row row_type=\u00bbrow\u00bb use_row_as_full_screen_section=\u00bbno\u00bb type=\u00bbfull_width\u00bb angled_section=\u00bbno\u00bb text_align=\u00bbleft\u00bb background_image_as_pattern=\u00bbwithout_pattern\u00bb css_animation=\u00bb\u00bb][vc_column][vc_empty_space height=\u00bb50&#8243;][\/vc_column][\/vc_row]<\/p>\n","protected":false},"excerpt":{"rendered":"<p>[vc_row row_type=\u00bbrow\u00bb use_row_as_full_screen_section=\u00bbno\u00bb type=\u00bbfull_width\u00bb angled_section=\u00bbno\u00bb text_align=\u00bbleft\u00bb background_image_as_pattern=\u00bbwithout_pattern\u00bb css_animation=\u00bb\u00bb][vc_column][vc_empty_space][\/vc_column][\/vc_row][vc_row row_type=\u00bbrow\u00bb use_row_as_full_screen_section=\u00bbno\u00bb type=\u00bbgrid\u00bb angled_section=\u00bbno\u00bb text_align=\u00bbleft\u00bb background_image_as_pattern=\u00bbwithout_pattern\u00bb css_animation=\u00bb\u00bb][vc_column][vc_column_text]Nunca es agradable estar en desacuerdo con las autoridades fiscales. Como tal, generalmente es preferible buscar una compensaci\u00f3n fiscal, que le permita concentrarse \u00fanicamente en sus operaciones comerciales sin desperdiciar energ\u00eda&#8230;<\/p>\n","protected":false},"author":1,"featured_media":0,"parent":0,"menu_order":0,"comment_status":"closed","ping_status":"closed","template":"","meta":{"_monsterinsights_skip_tracking":false,"_monsterinsights_sitenote_active":false,"_monsterinsights_sitenote_note":"","_monsterinsights_sitenote_category":0,"footnotes":""},"class_list":["post-16147","page","type-page","status-publish","hentry"],"_links":{"self":[{"href":"https:\/\/www.atlasaruba.com\/es\/wp-json\/wp\/v2\/pages\/16147","targetHints":{"allow":["GET"]}}],"collection":[{"href":"https:\/\/www.atlasaruba.com\/es\/wp-json\/wp\/v2\/pages"}],"about":[{"href":"https:\/\/www.atlasaruba.com\/es\/wp-json\/wp\/v2\/types\/page"}],"author":[{"embeddable":true,"href":"https:\/\/www.atlasaruba.com\/es\/wp-json\/wp\/v2\/users\/1"}],"replies":[{"embeddable":true,"href":"https:\/\/www.atlasaruba.com\/es\/wp-json\/wp\/v2\/comments?post=16147"}],"version-history":[{"count":2,"href":"https:\/\/www.atlasaruba.com\/es\/wp-json\/wp\/v2\/pages\/16147\/revisions"}],"predecessor-version":[{"id":16149,"href":"https:\/\/www.atlasaruba.com\/es\/wp-json\/wp\/v2\/pages\/16147\/revisions\/16149"}],"wp:attachment":[{"href":"https:\/\/www.atlasaruba.com\/es\/wp-json\/wp\/v2\/media?parent=16147"}],"curies":[{"name":"wp","href":"https:\/\/api.w.org\/{rel}","templated":true}]}}