{"id":16140,"date":"2016-09-09T13:18:47","date_gmt":"2016-09-09T13:18:47","guid":{"rendered":"https:\/\/www.atlasaruba.com\/sector-hotelero\/"},"modified":"2022-07-05T15:57:36","modified_gmt":"2022-07-05T15:57:36","slug":"sector-hotelero","status":"publish","type":"page","link":"https:\/\/www.atlasaruba.com\/es\/sector-hotelero\/","title":{"rendered":"Sector Hotelero"},"content":{"rendered":"<p>[vc_row row_type=\u00bbrow\u00bb use_row_as_full_screen_section=\u00bbno\u00bb type=\u00bbfull_width\u00bb angled_section=\u00bbno\u00bb text_align=\u00bbleft\u00bb background_image_as_pattern=\u00bbwithout_pattern\u00bb css_animation=\u00bb\u00bb][vc_column][vc_empty_space][\/vc_column][\/vc_row][vc_row row_type=\u00bbrow\u00bb use_row_as_full_screen_section=\u00bbno\u00bb type=\u00bbgrid\u00bb angled_section=\u00bbno\u00bb text_align=\u00bbleft\u00bb background_image_as_pattern=\u00bbwithout_pattern\u00bb css_animation=\u00bb\u00bb][vc_column][vc_column_text]La cartera de clientes de ATLAS incluye varios hoteles. Los hoteles se enfrentan a numerosos problemas fiscales.<\/p>\n<p>&nbsp;<\/p>\n<p>Por ejemplo, no deben retrasarse en el pago del impuesto sobre el salario y las contribuciones a la seguridad social sobre los salarios pagados a sus empleados. La asignaci\u00f3n de reparaci\u00f3n (<em>reparatietoeslag<\/em>) puede compensarse con estas remesas. En Aruba, adem\u00e1s, es importante no pasar por alto el plan de pensi\u00f3n general obligatorio introducido para los empleados el 1 de enero de 2012.<\/p>\n<p>&nbsp;<\/p>\n<p>Los operadores de hoteles en Aruba tambi\u00e9n est\u00e1n obligados a pagar impuestos tur\u00edsticos sobre las contraprestaciones que pagan los turistas por usar sus habitaciones de hotel. Es importante distinguir entre esas contraprestaciones y los montos pagados por otros servicios, por ejemplo, el acceso a Internet y el servicio de lavander\u00eda. Esos servicios est\u00e1n sujetos al impuesto sobre las ventas <em>(belasting op bedrijfsomzetten en additionele voorzieningen PPS-projecten, <\/em>\u2018BBO\/BAVP\u2019<em>, bestemmingsheffing AZV, <\/em>\u2018BAZV\u2019<em>)<\/em>. Se aplican reglas especiales si el turista paga un precio total por el uso de la habitaci\u00f3n del hotel y por alimentos y bebidas.<\/p>\n<p>&nbsp;<\/p>\n<p>Adem\u00e1s, los hoteles deben cobrar y pagar el impuesto especial sobre las estad\u00edas en complejos de tiempo compartido, albergues y hoteles (<em>bijzondere belasting verblijf in timeshareresorts, logementen en hotels<\/em><em>, <\/em>\u2018BBV\u2019).<\/p>\n<p>&nbsp;<\/p>\n<p>En la pr\u00e1ctica, la mayor\u00eda de los hoteles incluyen operaciones de casino. En Aruba, esos hoteles tambi\u00e9n est\u00e1n sujetos a pagar impuestos sobre el juego (<em>speelvergunningsrecht<\/em>).<\/p>\n<p>&nbsp;<\/p>\n<p>Si la entidad que opera un hotel de lujo cumple con ciertas condiciones, puede calificar para el &#8216;r\u00e9gimen IPC modificado&#8217; como se le conoce com\u00fanmente, lo que resulta en una reducci\u00f3n considerable en la tasa del impuesto a las ganancias.<\/p>\n<p>&nbsp;<\/p>\n<p>Por \u00faltimo, las dem\u00e1s cuestiones fiscales descritas en este sitio web son generalmente muy relevantes tambi\u00e9n para los hoteles. Los Tax Partners de ATLAS con gusto le brindar\u00e1n m\u00e1s informaci\u00f3n.[\/vc_column_text][\/vc_column][\/vc_row][vc_row row_type=\u00bbrow\u00bb use_row_as_full_screen_section=\u00bbno\u00bb type=\u00bbfull_width\u00bb angled_section=\u00bbno\u00bb text_align=\u00bbleft\u00bb background_image_as_pattern=\u00bbwithout_pattern\u00bb css_animation=\u00bb\u00bb][vc_column][vc_empty_space height=\u00bb50&#8243;][\/vc_column][\/vc_row]<\/p>\n","protected":false},"excerpt":{"rendered":"<p>[vc_row row_type=\u00bbrow\u00bb use_row_as_full_screen_section=\u00bbno\u00bb type=\u00bbfull_width\u00bb angled_section=\u00bbno\u00bb text_align=\u00bbleft\u00bb background_image_as_pattern=\u00bbwithout_pattern\u00bb css_animation=\u00bb\u00bb][vc_column][vc_empty_space][\/vc_column][\/vc_row][vc_row row_type=\u00bbrow\u00bb use_row_as_full_screen_section=\u00bbno\u00bb type=\u00bbgrid\u00bb angled_section=\u00bbno\u00bb text_align=\u00bbleft\u00bb background_image_as_pattern=\u00bbwithout_pattern\u00bb css_animation=\u00bb\u00bb][vc_column][vc_column_text]La cartera de clientes de ATLAS incluye varios hoteles. Los hoteles se enfrentan a numerosos problemas fiscales. &nbsp; Por ejemplo, no deben retrasarse en el pago del impuesto sobre el salario&#8230;<\/p>\n","protected":false},"author":1,"featured_media":0,"parent":0,"menu_order":0,"comment_status":"closed","ping_status":"closed","template":"","meta":{"_monsterinsights_skip_tracking":false,"_monsterinsights_sitenote_active":false,"_monsterinsights_sitenote_note":"","_monsterinsights_sitenote_category":0,"footnotes":""},"class_list":["post-16140","page","type-page","status-publish","hentry"],"_links":{"self":[{"href":"https:\/\/www.atlasaruba.com\/es\/wp-json\/wp\/v2\/pages\/16140","targetHints":{"allow":["GET"]}}],"collection":[{"href":"https:\/\/www.atlasaruba.com\/es\/wp-json\/wp\/v2\/pages"}],"about":[{"href":"https:\/\/www.atlasaruba.com\/es\/wp-json\/wp\/v2\/types\/page"}],"author":[{"embeddable":true,"href":"https:\/\/www.atlasaruba.com\/es\/wp-json\/wp\/v2\/users\/1"}],"replies":[{"embeddable":true,"href":"https:\/\/www.atlasaruba.com\/es\/wp-json\/wp\/v2\/comments?post=16140"}],"version-history":[{"count":2,"href":"https:\/\/www.atlasaruba.com\/es\/wp-json\/wp\/v2\/pages\/16140\/revisions"}],"predecessor-version":[{"id":16142,"href":"https:\/\/www.atlasaruba.com\/es\/wp-json\/wp\/v2\/pages\/16140\/revisions\/16142"}],"wp:attachment":[{"href":"https:\/\/www.atlasaruba.com\/es\/wp-json\/wp\/v2\/media?parent=16140"}],"curies":[{"name":"wp","href":"https:\/\/api.w.org\/{rel}","templated":true}]}}