{"id":16137,"date":"2014-05-20T07:51:11","date_gmt":"2014-05-20T07:51:11","guid":{"rendered":"https:\/\/www.atlasaruba.com\/pagina-de-inicio\/"},"modified":"2022-07-21T13:25:43","modified_gmt":"2022-07-21T13:25:43","slug":"pagina-de-inicio","status":"publish","type":"page","link":"https:\/\/www.atlasaruba.com\/es\/","title":{"rendered":"Inicio"},"content":{"rendered":"<p>[vc_row row_type=\u00bbrow\u00bb use_row_as_full_screen_section=\u00bbno\u00bb type=\u00bbfull_width\u00bb angled_section=\u00bbno\u00bb text_align=\u00bbleft\u00bb background_image_as_pattern=\u00bbwithout_pattern\u00bb css_animation=\u00bb\u00bb][vc_column][vc_empty_space][\/vc_column][\/vc_row][vc_row row_type=\u00bbrow\u00bb use_row_as_full_screen_section=\u00bbno\u00bb type=\u00bbgrid\u00bb angled_section=\u00bbno\u00bb text_align=\u00bbleft\u00bb background_image_as_pattern=\u00bbwithout_pattern\u00bb padding_top=\u00bb16&#8243; padding_bottom=\u00bb0&#8243; css_animation=\u00bb\u00bb][vc_column width=\u00bb7\/12&#8243;][vc_column_text]<\/p>\n<h3 style=\"text-align: left;\">Quienes somos nosotros<\/h3>\n<p>[\/vc_column_text][vc_separator type=\u00bbsmall\u00bb position=\u00bbleft\u00bb][vc_column_text]ATLAS es una firma de servicios de impuestos y contabilidad que re\u00fane las fortalezas y habilidades de socios altamente experimentados con una trayectoria larga y exitosa en las firmas de impuestos y contabilidad Big-Four. Los profesionales con m\u00e1s experiencia en el Caribe holand\u00e9s ahora se unen para servir a organizaciones de gran tama\u00f1o, tanto en el sector privado como en el sector p\u00fablico. ATLAS es la firma de impuestos l\u00edder de Aruba.[\/vc_column_text][vc_separator type=\u00bbtransparent\u00bb up=\u00bb39&#8243; down=\u00bb0&#8243;][vc_column_text]<\/p>\n<h3 style=\"text-align: left;\">Nuestra visi\u00f3n<\/h3>\n<p>[\/vc_column_text][vc_separator type=\u00bbsmall\u00bb position=\u00bbleft\u00bb][vc_column_text]A trav\u00e9s del conocimiento, la experiencia, la tecnolog\u00eda y el trabajo conjunto, brindamos nuestros servicios con los est\u00e1ndares m\u00e1s altos posibles y tarifas justas y muy competitivas. Estamos orgullosos del trabajo que entregamos y de los clientes a los que servimos.[\/vc_column_text][\/vc_column][vc_column width=\u00bb5\/12&#8243;][vc_column_text]<\/p>\n<h3 style=\"text-align: left;\">\u00daltimas noticias<\/h3>\n<p>[\/vc_column_text][vc_separator type=\u00bbsmall\u00bb position=\u00bbleft\u00bb]<div class='latest_post_holder boxes two_columns one_row'><ul><li class=\"clearfix\"><div class=\"boxes_image\"><a itemprop=\"url\" href=\"https:\/\/www.atlasaruba.com\/es\/sin-categorizar\/update-tax-plan-2023-actualizar-plan-fiscal-2023\/\"><img loading=\"lazy\" decoding=\"async\" width=\"539\" height=\"303\" src=\"https:\/\/www.atlasaruba.com\/wp-content\/uploads\/2023\/01\/2023-Tax-Laws-update-539x303.jpg\" class=\"attachment-latest_post_boxes size-latest_post_boxes wp-post-image\" alt=\"\" \/><\/a><\/div><div class=\"latest_post\"><div class=\"latest_post_text\"><div class=\"latest_post_inner\"><div class=\"latest_post_text_inner\"><h5 itemprop=\"name\" class=\"latest_post_title entry_title\"><a itemprop=\"url\" href=\"https:\/\/www.atlasaruba.com\/es\/sin-categorizar\/update-tax-plan-2023-actualizar-plan-fiscal-2023\/\">Update Tax Plan 2023 \/ Actualizar Plan Fiscal 2023<\/a><\/h5><span class=\"post_infos\"><span class=\"date_hour_holder\"><span itemprop=\"dateCreated\" class=\"date entry_date updated\">11 enero, 2023<meta itemprop=\"interactionCount\" content=\"UserComments: <?php echo get_comments_number(qode_get_page_id()); ?>\"\/><\/span><\/span><\/span><\/div><\/div><\/div><\/div><li class=\"clearfix\"><div class=\"boxes_image\"><a itemprop=\"url\" href=\"https:\/\/www.atlasaruba.com\/es\/sin-categorizar\/increase-in-minimum-wage-as-per-january-1-2023-incremento-del-salario-minimo-desde-el-1-de-enero-del-2023\/\"><img loading=\"lazy\" decoding=\"async\" width=\"539\" height=\"303\" src=\"https:\/\/www.atlasaruba.com\/wp-content\/uploads\/2023\/01\/Minimum-wage-539x303.jpg\" class=\"attachment-latest_post_boxes size-latest_post_boxes wp-post-image\" alt=\"\" \/><\/a><\/div><div class=\"latest_post\"><div class=\"latest_post_text\"><div class=\"latest_post_inner\"><div class=\"latest_post_text_inner\"><h5 itemprop=\"name\" class=\"latest_post_title entry_title\"><a itemprop=\"url\" href=\"https:\/\/www.atlasaruba.com\/es\/sin-categorizar\/increase-in-minimum-wage-as-per-january-1-2023-incremento-del-salario-minimo-desde-el-1-de-enero-del-2023\/\">Increase in minimum wage as per January 1, 2023 \/ Incremento del salario minimo desde el 1 de enero del 2023<\/a><\/h5><span class=\"post_infos\"><span class=\"date_hour_holder\"><span itemprop=\"dateCreated\" class=\"date entry_date updated\">04 enero, 2023<meta itemprop=\"interactionCount\" content=\"UserComments: <?php echo get_comments_number(qode_get_page_id()); ?>\"\/><\/span><\/span><\/span><\/div><\/div><\/div><\/div><\/ul><\/div>[vc_separator type=\u00bbtransparent\u00bb up=\u00bb39&#8243; down=\u00bb0&#8243;][\/vc_column][\/vc_row][vc_row row_type=\u00bbrow\u00bb use_row_as_full_screen_section=\u00bbno\u00bb type=\u00bbfull_width\u00bb angled_section=\u00bbno\u00bb text_align=\u00bbleft\u00bb background_image_as_pattern=\u00bbwithout_pattern\u00bb css_animation=\u00bb\u00bb][vc_column][vc_empty_space][\/vc_column][\/vc_row]<\/p>\n","protected":false},"excerpt":{"rendered":"<p>[vc_row row_type=\u00bbrow\u00bb use_row_as_full_screen_section=\u00bbno\u00bb type=\u00bbfull_width\u00bb angled_section=\u00bbno\u00bb text_align=\u00bbleft\u00bb background_image_as_pattern=\u00bbwithout_pattern\u00bb css_animation=\u00bb\u00bb][vc_column][vc_empty_space][\/vc_column][\/vc_row][vc_row row_type=\u00bbrow\u00bb use_row_as_full_screen_section=\u00bbno\u00bb type=\u00bbgrid\u00bb angled_section=\u00bbno\u00bb text_align=\u00bbleft\u00bb background_image_as_pattern=\u00bbwithout_pattern\u00bb padding_top=\u00bb16&#8243; padding_bottom=\u00bb0&#8243; css_animation=\u00bb\u00bb][vc_column width=\u00bb7\/12&#8243;][vc_column_text] Quienes somos nosotros [\/vc_column_text][vc_separator type=\u00bbsmall\u00bb position=\u00bbleft\u00bb][vc_column_text]ATLAS es una firma de servicios de impuestos y contabilidad que re\u00fane las fortalezas y habilidades de socios altamente experimentados con una&#8230;<\/p>\n","protected":false},"author":1,"featured_media":0,"parent":0,"menu_order":0,"comment_status":"open","ping_status":"open","template":"full_width.php","meta":{"_monsterinsights_skip_tracking":false,"_monsterinsights_sitenote_active":false,"_monsterinsights_sitenote_note":"","_monsterinsights_sitenote_category":0,"footnotes":""},"class_list":["post-16137","page","type-page","status-publish","hentry"],"_links":{"self":[{"href":"https:\/\/www.atlasaruba.com\/es\/wp-json\/wp\/v2\/pages\/16137","targetHints":{"allow":["GET"]}}],"collection":[{"href":"https:\/\/www.atlasaruba.com\/es\/wp-json\/wp\/v2\/pages"}],"about":[{"href":"https:\/\/www.atlasaruba.com\/es\/wp-json\/wp\/v2\/types\/page"}],"author":[{"embeddable":true,"href":"https:\/\/www.atlasaruba.com\/es\/wp-json\/wp\/v2\/users\/1"}],"replies":[{"embeddable":true,"href":"https:\/\/www.atlasaruba.com\/es\/wp-json\/wp\/v2\/comments?post=16137"}],"version-history":[{"count":8,"href":"https:\/\/www.atlasaruba.com\/es\/wp-json\/wp\/v2\/pages\/16137\/revisions"}],"predecessor-version":[{"id":16323,"href":"https:\/\/www.atlasaruba.com\/es\/wp-json\/wp\/v2\/pages\/16137\/revisions\/16323"}],"wp:attachment":[{"href":"https:\/\/www.atlasaruba.com\/es\/wp-json\/wp\/v2\/media?parent=16137"}],"curies":[{"name":"wp","href":"https:\/\/api.w.org\/{rel}","templated":true}]}}