{"id":16122,"date":"2016-09-09T13:18:16","date_gmt":"2016-09-09T13:18:16","guid":{"rendered":"https:\/\/www.atlasaruba.com\/emigracion-inmigracion\/"},"modified":"2022-07-05T14:59:01","modified_gmt":"2022-07-05T14:59:01","slug":"emigracion-inmigracion","status":"publish","type":"page","link":"https:\/\/www.atlasaruba.com\/es\/emigracion-inmigracion\/","title":{"rendered":"Emigraci\u00f3n \/ Inmigraci\u00f3n"},"content":{"rendered":"<p>[vc_row row_type=\u00bbrow\u00bb use_row_as_full_screen_section=\u00bbno\u00bb type=\u00bbfull_width\u00bb angled_section=\u00bbno\u00bb text_align=\u00bbleft\u00bb background_image_as_pattern=\u00bbwithout_pattern\u00bb css_animation=\u00bb\u00bb][vc_column][vc_empty_space][\/vc_column][\/vc_row][vc_row row_type=\u00bbrow\u00bb use_row_as_full_screen_section=\u00bbno\u00bb type=\u00bbgrid\u00bb angled_section=\u00bbno\u00bb text_align=\u00bbleft\u00bb background_image_as_pattern=\u00bbwithout_pattern\u00bb css_animation=\u00bb\u00bb][vc_column][vc_column_text]Las reubicaciones transfronterizas dan lugar a numerosas preocupaciones. Adem\u00e1s de cuestiones como los permisos de residencia y trabajo, es importante no pasar por alto las implicaciones fiscales. Este es a\u00fan m\u00e1s el caso de los due\u00f1os de negocios. La emigraci\u00f3n puede dar lugar a una liquidaci\u00f3n fiscal final sobre las reservas ocultas y el fondo de comercio de su empresa en ese momento. En algunas situaciones, sin embargo, es posible evitar esta determinaci\u00f3n fiscal final. Los Tax Partners de ATLAS le ayudar\u00e1n a evitar que su emigraci\u00f3n se convierta en una pesadilla fiscal. Al mismo tiempo, pueden ayudarlo a utilizar adecuadamente todas las posibilidades de ahorro de impuestos.[\/vc_column_text][\/vc_column][\/vc_row][vc_row row_type=\u00bbrow\u00bb use_row_as_full_screen_section=\u00bbno\u00bb type=\u00bbfull_width\u00bb angled_section=\u00bbno\u00bb text_align=\u00bbleft\u00bb background_image_as_pattern=\u00bbwithout_pattern\u00bb css_animation=\u00bb\u00bb][vc_column][vc_empty_space height=\u00bb50&#8243;][\/vc_column][\/vc_row]<\/p>\n","protected":false},"excerpt":{"rendered":"<p>[vc_row row_type=\u00bbrow\u00bb use_row_as_full_screen_section=\u00bbno\u00bb type=\u00bbfull_width\u00bb angled_section=\u00bbno\u00bb text_align=\u00bbleft\u00bb background_image_as_pattern=\u00bbwithout_pattern\u00bb css_animation=\u00bb\u00bb][vc_column][vc_empty_space][\/vc_column][\/vc_row][vc_row row_type=\u00bbrow\u00bb use_row_as_full_screen_section=\u00bbno\u00bb type=\u00bbgrid\u00bb angled_section=\u00bbno\u00bb text_align=\u00bbleft\u00bb background_image_as_pattern=\u00bbwithout_pattern\u00bb css_animation=\u00bb\u00bb][vc_column][vc_column_text]Las reubicaciones transfronterizas dan lugar a numerosas preocupaciones. Adem\u00e1s de cuestiones como los permisos de residencia y trabajo, es importante no pasar por alto las implicaciones fiscales. Este es a\u00fan m\u00e1s&#8230;<\/p>\n","protected":false},"author":1,"featured_media":0,"parent":0,"menu_order":0,"comment_status":"closed","ping_status":"closed","template":"","meta":{"_monsterinsights_skip_tracking":false,"_monsterinsights_sitenote_active":false,"_monsterinsights_sitenote_note":"","_monsterinsights_sitenote_category":0,"footnotes":""},"class_list":["post-16122","page","type-page","status-publish","hentry"],"_links":{"self":[{"href":"https:\/\/www.atlasaruba.com\/es\/wp-json\/wp\/v2\/pages\/16122","targetHints":{"allow":["GET"]}}],"collection":[{"href":"https:\/\/www.atlasaruba.com\/es\/wp-json\/wp\/v2\/pages"}],"about":[{"href":"https:\/\/www.atlasaruba.com\/es\/wp-json\/wp\/v2\/types\/page"}],"author":[{"embeddable":true,"href":"https:\/\/www.atlasaruba.com\/es\/wp-json\/wp\/v2\/users\/1"}],"replies":[{"embeddable":true,"href":"https:\/\/www.atlasaruba.com\/es\/wp-json\/wp\/v2\/comments?post=16122"}],"version-history":[{"count":2,"href":"https:\/\/www.atlasaruba.com\/es\/wp-json\/wp\/v2\/pages\/16122\/revisions"}],"predecessor-version":[{"id":16124,"href":"https:\/\/www.atlasaruba.com\/es\/wp-json\/wp\/v2\/pages\/16122\/revisions\/16124"}],"wp:attachment":[{"href":"https:\/\/www.atlasaruba.com\/es\/wp-json\/wp\/v2\/media?parent=16122"}],"curies":[{"name":"wp","href":"https:\/\/api.w.org\/{rel}","templated":true}]}}