{"id":16119,"date":"2021-01-22T23:48:37","date_gmt":"2021-01-22T23:48:37","guid":{"rendered":"https:\/\/www.atlasaruba.com\/rsc\/"},"modified":"2022-07-05T14:57:04","modified_gmt":"2022-07-05T14:57:04","slug":"rsc","status":"publish","type":"page","link":"https:\/\/www.atlasaruba.com\/es\/rsc\/","title":{"rendered":"RSC"},"content":{"rendered":"<p>[vc_row row_type=\u00bbrow\u00bb use_row_as_full_screen_section=\u00bbno\u00bb type=\u00bbfull_width\u00bb angled_section=\u00bbno\u00bb text_align=\u00bbleft\u00bb background_image_as_pattern=\u00bbwithout_pattern\u00bb css_animation=\u00bb\u00bb][vc_column][vc_column_text]Definimos la Responsabilidad Social Corporativa (&#8216;RSC&#8217;) como una promesa constante de operar con gran respeto por la sociedad de Aruba.<\/p>\n<p>&nbsp;<\/p>\n<p>Como tal, ayudamos a los animales callejeros necesitados a trav\u00e9s de nuestra fundaci\u00f3n: <em>Stichting Cats &amp; Dogs<\/em>.<\/p>\n<p>&nbsp;<\/p>\n<p><em>Stichting Cats &amp; Dogs<\/em> est\u00e1 formado por un grupo de unos 10 voluntarios cuyo objetivo es mejorar la vida de perros y gatos callejeros. Su misi\u00f3n tiene cuatro pilares:<\/p>\n<p>1) para evitar la superpoblaci\u00f3n mediante la esterilizaci\u00f3n y castraci\u00f3n.<\/p>\n<p>2) dar comida y atenci\u00f3n m\u00e9dica a perros y gatos callejeros.<\/p>\n<p>3) colocar gatos y perros callejeros en hogares amorosos y permanentes.<\/p>\n<p>4) educar al p\u00fablico sobre la tenencia responsable de mascotas.<\/p>\n<p>&nbsp;<\/p>\n<p>Nos remitimos a la web de la fundaci\u00f3n para m\u00e1s detalles:<\/p>\n<p>&nbsp;<\/p>\n<p><a href=\"http:\/\/www.scdaruba.com\/\">www.scdaruba.com<\/a>[\/vc_column_text][\/vc_column][\/vc_row][vc_row row_type=\u00bbrow\u00bb use_row_as_full_screen_section=\u00bbno\u00bb type=\u00bbfull_width\u00bb angled_section=\u00bbno\u00bb text_align=\u00bbleft\u00bb background_image_as_pattern=\u00bbwithout_pattern\u00bb css_animation=\u00bb\u00bb][vc_column][vc_empty_space][\/vc_column][\/vc_row]<\/p>\n","protected":false},"excerpt":{"rendered":"<p>[vc_row row_type=\u00bbrow\u00bb use_row_as_full_screen_section=\u00bbno\u00bb type=\u00bbfull_width\u00bb angled_section=\u00bbno\u00bb text_align=\u00bbleft\u00bb background_image_as_pattern=\u00bbwithout_pattern\u00bb css_animation=\u00bb\u00bb][vc_column][vc_column_text]Definimos la Responsabilidad Social Corporativa (&#8216;RSC&#8217;) como una promesa constante de operar con gran respeto por la sociedad de Aruba. &nbsp; Como tal, ayudamos a los animales callejeros necesitados a trav\u00e9s de nuestra fundaci\u00f3n: Stichting Cats &amp; Dogs&#8230;.<\/p>\n","protected":false},"author":3,"featured_media":0,"parent":0,"menu_order":0,"comment_status":"closed","ping_status":"closed","template":"","meta":{"_monsterinsights_skip_tracking":false,"_monsterinsights_sitenote_active":false,"_monsterinsights_sitenote_note":"","_monsterinsights_sitenote_category":0,"footnotes":""},"class_list":["post-16119","page","type-page","status-publish","hentry"],"_links":{"self":[{"href":"https:\/\/www.atlasaruba.com\/es\/wp-json\/wp\/v2\/pages\/16119","targetHints":{"allow":["GET"]}}],"collection":[{"href":"https:\/\/www.atlasaruba.com\/es\/wp-json\/wp\/v2\/pages"}],"about":[{"href":"https:\/\/www.atlasaruba.com\/es\/wp-json\/wp\/v2\/types\/page"}],"author":[{"embeddable":true,"href":"https:\/\/www.atlasaruba.com\/es\/wp-json\/wp\/v2\/users\/3"}],"replies":[{"embeddable":true,"href":"https:\/\/www.atlasaruba.com\/es\/wp-json\/wp\/v2\/comments?post=16119"}],"version-history":[{"count":2,"href":"https:\/\/www.atlasaruba.com\/es\/wp-json\/wp\/v2\/pages\/16119\/revisions"}],"predecessor-version":[{"id":16121,"href":"https:\/\/www.atlasaruba.com\/es\/wp-json\/wp\/v2\/pages\/16119\/revisions\/16121"}],"wp:attachment":[{"href":"https:\/\/www.atlasaruba.com\/es\/wp-json\/wp\/v2\/media?parent=16119"}],"curies":[{"name":"wp","href":"https:\/\/api.w.org\/{rel}","templated":true}]}}