{"id":16116,"date":"2016-09-09T13:19:23","date_gmt":"2016-09-09T13:19:23","guid":{"rendered":"https:\/\/www.atlasaruba.com\/mano-de-obra-transfronteriza\/"},"modified":"2022-07-05T14:53:00","modified_gmt":"2022-07-05T14:53:00","slug":"mano-de-obra-transfronteriza","status":"publish","type":"page","link":"https:\/\/www.atlasaruba.com\/es\/mano-de-obra-transfronteriza\/","title":{"rendered":"Mano de obra transfronteriza"},"content":{"rendered":"<p>[vc_row row_type=\u00bbrow\u00bb use_row_as_full_screen_section=\u00bbno\u00bb type=\u00bbfull_width\u00bb angled_section=\u00bbno\u00bb text_align=\u00bbleft\u00bb background_image_as_pattern=\u00bbwithout_pattern\u00bb css_animation=\u00bb\u00bb][vc_column][vc_empty_space][\/vc_column][\/vc_row][vc_row row_type=\u00bbrow\u00bb use_row_as_full_screen_section=\u00bbno\u00bb type=\u00bbgrid\u00bb angled_section=\u00bbno\u00bb text_align=\u00bbleft\u00bb background_image_as_pattern=\u00bbwithout_pattern\u00bb css_animation=\u00bb\u00bb][vc_column][vc_column_text]Cada a\u00f1o, los territorios caribe\u00f1os del Reino de los Pa\u00edses Bajos dan la bienvenida a miles de empleados extranjeros, que visitan aqu\u00ed para trabajar en trabajos temporales, por ejemplo, en relaci\u00f3n con la construcci\u00f3n o renovaci\u00f3n de un hotel, trabajos de mantenimiento o entretenimiento.<\/p>\n<p>&nbsp;<\/p>\n<p>El trabajo transfronterizo puede dar lugar a la obligaci\u00f3n de pagar el impuesto sobre los salarios y\/o el impuesto sobre la renta de las personas f\u00edsicas. Del mismo modo, las contribuciones a la seguridad social tambi\u00e9n pueden ser pagaderas. En muchos casos existe el riesgo de doble imposici\u00f3n, si el pa\u00eds de residencia del trabajador tambi\u00e9n reclama un derecho de imposici\u00f3n. A los expatriados altamente calificados se les ofrecen ventajas fiscales. La asistencia fiscal experta de Tax Partners en ATLAS es indispensable en tales situaciones.[\/vc_column_text][\/vc_column][\/vc_row][vc_row row_type=\u00bbrow\u00bb use_row_as_full_screen_section=\u00bbno\u00bb type=\u00bbfull_width\u00bb angled_section=\u00bbno\u00bb text_align=\u00bbleft\u00bb background_image_as_pattern=\u00bbwithout_pattern\u00bb css_animation=\u00bb\u00bb][vc_column][vc_empty_space height=\u00bb50&#8243;][\/vc_column][\/vc_row]<\/p>\n","protected":false},"excerpt":{"rendered":"<p>[vc_row row_type=\u00bbrow\u00bb use_row_as_full_screen_section=\u00bbno\u00bb type=\u00bbfull_width\u00bb angled_section=\u00bbno\u00bb text_align=\u00bbleft\u00bb background_image_as_pattern=\u00bbwithout_pattern\u00bb css_animation=\u00bb\u00bb][vc_column][vc_empty_space][\/vc_column][\/vc_row][vc_row row_type=\u00bbrow\u00bb use_row_as_full_screen_section=\u00bbno\u00bb type=\u00bbgrid\u00bb angled_section=\u00bbno\u00bb text_align=\u00bbleft\u00bb background_image_as_pattern=\u00bbwithout_pattern\u00bb css_animation=\u00bb\u00bb][vc_column][vc_column_text]Cada a\u00f1o, los territorios caribe\u00f1os del Reino de los Pa\u00edses Bajos dan la bienvenida a miles de empleados extranjeros, que visitan aqu\u00ed para trabajar en trabajos temporales, por ejemplo, en relaci\u00f3n&#8230;<\/p>\n","protected":false},"author":1,"featured_media":0,"parent":0,"menu_order":0,"comment_status":"closed","ping_status":"closed","template":"","meta":{"_monsterinsights_skip_tracking":false,"_monsterinsights_sitenote_active":false,"_monsterinsights_sitenote_note":"","_monsterinsights_sitenote_category":0,"footnotes":""},"class_list":["post-16116","page","type-page","status-publish","hentry"],"_links":{"self":[{"href":"https:\/\/www.atlasaruba.com\/es\/wp-json\/wp\/v2\/pages\/16116","targetHints":{"allow":["GET"]}}],"collection":[{"href":"https:\/\/www.atlasaruba.com\/es\/wp-json\/wp\/v2\/pages"}],"about":[{"href":"https:\/\/www.atlasaruba.com\/es\/wp-json\/wp\/v2\/types\/page"}],"author":[{"embeddable":true,"href":"https:\/\/www.atlasaruba.com\/es\/wp-json\/wp\/v2\/users\/1"}],"replies":[{"embeddable":true,"href":"https:\/\/www.atlasaruba.com\/es\/wp-json\/wp\/v2\/comments?post=16116"}],"version-history":[{"count":2,"href":"https:\/\/www.atlasaruba.com\/es\/wp-json\/wp\/v2\/pages\/16116\/revisions"}],"predecessor-version":[{"id":16118,"href":"https:\/\/www.atlasaruba.com\/es\/wp-json\/wp\/v2\/pages\/16116\/revisions\/16118"}],"wp:attachment":[{"href":"https:\/\/www.atlasaruba.com\/es\/wp-json\/wp\/v2\/media?parent=16116"}],"curies":[{"name":"wp","href":"https:\/\/api.w.org\/{rel}","templated":true}]}}