{"id":16110,"date":"2016-09-09T13:17:54","date_gmt":"2016-09-09T13:17:54","guid":{"rendered":"https:\/\/www.atlasaruba.com\/sucesion-empresarial\/"},"modified":"2022-07-05T14:48:35","modified_gmt":"2022-07-05T14:48:35","slug":"sucesion-empresarial","status":"publish","type":"page","link":"https:\/\/www.atlasaruba.com\/es\/sucesion-empresarial\/","title":{"rendered":"Sucesi\u00f3n Empresarial"},"content":{"rendered":"<p>[vc_row row_type=\u00bbrow\u00bb use_row_as_full_screen_section=\u00bbno\u00bb type=\u00bbfull_width\u00bb angled_section=\u00bbno\u00bb text_align=\u00bbleft\u00bb background_image_as_pattern=\u00bbwithout_pattern\u00bb css_animation=\u00bb\u00bb][vc_column][vc_empty_space][\/vc_column][\/vc_row][vc_row row_type=\u00bbrow\u00bb use_row_as_full_screen_section=\u00bbno\u00bb type=\u00bbgrid\u00bb angled_section=\u00bbno\u00bb text_align=\u00bbleft\u00bb background_image_as_pattern=\u00bbwithout_pattern\u00bb css_animation=\u00bb\u00bb][vc_column][vc_column_text]A medida que la poblaci\u00f3n envejece cada vez m\u00e1s, la sucesi\u00f3n empresarial se est\u00e1 convirtiendo cada vez m\u00e1s en un tema de actualidad. Llegar\u00e1 un momento en el que desees disfrutar de tu merecida jubilaci\u00f3n y traspasar tu negocio a tus hijos, a un empleado oa un tercero.<\/p>\n<p>&nbsp;<\/p>\n<p>Existen diversas posibilidades para dar forma a una transmisi\u00f3n empresarial. Por ejemplo, si una empresa dirige un negocio, la transferencia puede involucrar algunas o todas las acciones de esa empresa, o los activos y pasivos de la empresa. Otra posibilidad es establecer una estructura de participaci\u00f3n, en la que la sociedad de cartera, en lugar de usted mismo, disponga de las acciones de la empresa operativa. Cada una de estas transferencias tiene implicaciones fiscales completamente diferentes.<br \/>\nSe podr\u00eda negociar un precio de venta \u00fanico y no variable para la transferencia del negocio o, alternativamente, ese precio podr\u00eda depender, en su totalidad o en parte, de los ingresos futuros del negocio adquirido. En algunos casos, el comprador puede usar capital para pagar el precio de compra completo de inmediato, en otros casos, parte del precio se registra como una deuda con el vendedor o se financia mediante un pr\u00e9stamo.<\/p>\n<p>&nbsp;<\/p>\n<p>Los Tax Partners de ATLAS con gusto le explicar\u00e1n las diversas posibilidades y sus implicaciones fiscales, ya sea que desee vender un negocio o planee adquirir uno. En este \u00faltimo caso, podr\u00eda ser recomendable realizar la debida diligencia: querr\u00e1 saber exactamente lo que est\u00e1 comprando. Esto incluye un an\u00e1lisis de la situaci\u00f3n fiscal de la empresa objetivo. Es probable que tambi\u00e9n desee determinar (al igual que el vendedor) qu\u00e9 valor se puede atribuir a la empresa. Los Accountancy Partners de ATLAS pueden prepararle un informe de valoraci\u00f3n con ese fin.[\/vc_column_text][\/vc_column][\/vc_row][vc_row row_type=\u00bbrow\u00bb use_row_as_full_screen_section=\u00bbno\u00bb type=\u00bbfull_width\u00bb angled_section=\u00bbno\u00bb text_align=\u00bbleft\u00bb background_image_as_pattern=\u00bbwithout_pattern\u00bb css_animation=\u00bb\u00bb][vc_column][vc_empty_space height=\u00bb50&#8243;][\/vc_column][\/vc_row]<\/p>\n","protected":false},"excerpt":{"rendered":"<p>[vc_row row_type=\u00bbrow\u00bb use_row_as_full_screen_section=\u00bbno\u00bb type=\u00bbfull_width\u00bb angled_section=\u00bbno\u00bb text_align=\u00bbleft\u00bb background_image_as_pattern=\u00bbwithout_pattern\u00bb css_animation=\u00bb\u00bb][vc_column][vc_empty_space][\/vc_column][\/vc_row][vc_row row_type=\u00bbrow\u00bb use_row_as_full_screen_section=\u00bbno\u00bb type=\u00bbgrid\u00bb angled_section=\u00bbno\u00bb text_align=\u00bbleft\u00bb background_image_as_pattern=\u00bbwithout_pattern\u00bb css_animation=\u00bb\u00bb][vc_column][vc_column_text]A medida que la poblaci\u00f3n envejece cada vez m\u00e1s, la sucesi\u00f3n empresarial se est\u00e1 convirtiendo cada vez m\u00e1s en un tema de actualidad. Llegar\u00e1 un momento en el que desees disfrutar&#8230;<\/p>\n","protected":false},"author":1,"featured_media":0,"parent":0,"menu_order":0,"comment_status":"closed","ping_status":"closed","template":"","meta":{"_monsterinsights_skip_tracking":false,"_monsterinsights_sitenote_active":false,"_monsterinsights_sitenote_note":"","_monsterinsights_sitenote_category":0,"footnotes":""},"class_list":["post-16110","page","type-page","status-publish","hentry"],"_links":{"self":[{"href":"https:\/\/www.atlasaruba.com\/es\/wp-json\/wp\/v2\/pages\/16110","targetHints":{"allow":["GET"]}}],"collection":[{"href":"https:\/\/www.atlasaruba.com\/es\/wp-json\/wp\/v2\/pages"}],"about":[{"href":"https:\/\/www.atlasaruba.com\/es\/wp-json\/wp\/v2\/types\/page"}],"author":[{"embeddable":true,"href":"https:\/\/www.atlasaruba.com\/es\/wp-json\/wp\/v2\/users\/1"}],"replies":[{"embeddable":true,"href":"https:\/\/www.atlasaruba.com\/es\/wp-json\/wp\/v2\/comments?post=16110"}],"version-history":[{"count":2,"href":"https:\/\/www.atlasaruba.com\/es\/wp-json\/wp\/v2\/pages\/16110\/revisions"}],"predecessor-version":[{"id":16112,"href":"https:\/\/www.atlasaruba.com\/es\/wp-json\/wp\/v2\/pages\/16110\/revisions\/16112"}],"wp:attachment":[{"href":"https:\/\/www.atlasaruba.com\/es\/wp-json\/wp\/v2\/media?parent=16110"}],"curies":[{"name":"wp","href":"https:\/\/api.w.org\/{rel}","templated":true}]}}