{"id":16107,"date":"2016-09-10T11:14:28","date_gmt":"2016-09-10T11:14:28","guid":{"rendered":"https:\/\/www.atlasaruba.com\/ald-cft\/"},"modified":"2022-07-05T15:34:59","modified_gmt":"2022-07-05T15:34:59","slug":"ald-cft","status":"publish","type":"page","link":"https:\/\/www.atlasaruba.com\/es\/ald-cft\/","title":{"rendered":"ALD\/CFT"},"content":{"rendered":"<p>[vc_row row_type=\u00bbrow\u00bb use_row_as_full_screen_section=\u00bbno\u00bb type=\u00bbgrid\u00bb angled_section=\u00bbno\u00bb text_align=\u00bbleft\u00bb background_image_as_pattern=\u00bbwithout_pattern\u00bb css_animation=\u00bb\u00bb][vc_column][vc_column_text]La Ordenanza estatal de Aruba para la prevenci\u00f3n y lucha contra el lavado de dinero (ML) y el financiamiento del terrorismo (FT) proporciona reglas para establecer y verificar la identidad del cliente y para informar transacciones inusuales. El objeto de estas normas es prevenir y combatir el blanqueo de capitales y la financiaci\u00f3n del terrorismo. Las reglas se aplican a cualquier empresa que preste servicios financieros o determinados servicios no financieros, incluidos los servicios fiscales y legales.<\/p>\n<p>&nbsp;<\/p>\n<p>ATLAS apoya la lucha contra el LD y FT, y reconoce el papel que debe desempe\u00f1ar. ATLAS desea evitar cualquier apariencia de actuar con conocimiento o sospecha de la conexi\u00f3n con un delito o sin la debida consideraci\u00f3n de lo que puede estar facilitando al proporcionar sus productos y servicios.<\/p>\n<p>&nbsp;<\/p>\n<p>ATLAS se compromete a cumplir con todas las leyes y reglamentos relacionados con los procedimientos ALD\/CFT y a cooperar con todas las autoridades pertinentes para proteger la integridad y la reputaci\u00f3n del sector de asesor\u00eda fiscal en Aruba.<\/p>\n<p>&nbsp;<\/p>\n<p>Los socios fiscales de ATLAS est\u00e1n comprometidos y son responsables de salvaguardar la integridad de ATLAS como una empresa respetada. Dan forma a ese compromiso al realizar una evaluaci\u00f3n de riesgo comercial de las operaciones y seguir adelante con pol\u00edticas y procedimientos ALD\/CFT relevantes, espec\u00edficos y proporcionales. Promueven activamente una cultura de cumplimiento, conciencia de riesgo y cumplimiento, y conciencia de la importancia del cumplimiento ALD\/CFT, y fomentan el comportamiento \u00e9tico.[\/vc_column_text][\/vc_column][\/vc_row][vc_row row_type=\u00bbrow\u00bb use_row_as_full_screen_section=\u00bbno\u00bb type=\u00bbfull_width\u00bb angled_section=\u00bbno\u00bb text_align=\u00bbleft\u00bb background_image_as_pattern=\u00bbwithout_pattern\u00bb css_animation=\u00bb\u00bb][vc_column][vc_empty_space][\/vc_column][\/vc_row]<\/p>\n","protected":false},"excerpt":{"rendered":"<p>[vc_row row_type=\u00bbrow\u00bb use_row_as_full_screen_section=\u00bbno\u00bb type=\u00bbgrid\u00bb angled_section=\u00bbno\u00bb text_align=\u00bbleft\u00bb background_image_as_pattern=\u00bbwithout_pattern\u00bb css_animation=\u00bb\u00bb][vc_column][vc_column_text]La Ordenanza estatal de Aruba para la prevenci\u00f3n y lucha contra el lavado de dinero (ML) y el financiamiento del terrorismo (FT) proporciona reglas para establecer y verificar la identidad del cliente y para informar transacciones inusuales. El&#8230;<\/p>\n","protected":false},"author":1,"featured_media":0,"parent":0,"menu_order":0,"comment_status":"closed","ping_status":"closed","template":"","meta":{"_monsterinsights_skip_tracking":false,"_monsterinsights_sitenote_active":false,"_monsterinsights_sitenote_note":"","_monsterinsights_sitenote_category":0,"footnotes":""},"class_list":["post-16107","page","type-page","status-publish","hentry"],"_links":{"self":[{"href":"https:\/\/www.atlasaruba.com\/es\/wp-json\/wp\/v2\/pages\/16107","targetHints":{"allow":["GET"]}}],"collection":[{"href":"https:\/\/www.atlasaruba.com\/es\/wp-json\/wp\/v2\/pages"}],"about":[{"href":"https:\/\/www.atlasaruba.com\/es\/wp-json\/wp\/v2\/types\/page"}],"author":[{"embeddable":true,"href":"https:\/\/www.atlasaruba.com\/es\/wp-json\/wp\/v2\/users\/1"}],"replies":[{"embeddable":true,"href":"https:\/\/www.atlasaruba.com\/es\/wp-json\/wp\/v2\/comments?post=16107"}],"version-history":[{"count":5,"href":"https:\/\/www.atlasaruba.com\/es\/wp-json\/wp\/v2\/pages\/16107\/revisions"}],"predecessor-version":[{"id":16133,"href":"https:\/\/www.atlasaruba.com\/es\/wp-json\/wp\/v2\/pages\/16107\/revisions\/16133"}],"wp:attachment":[{"href":"https:\/\/www.atlasaruba.com\/es\/wp-json\/wp\/v2\/media?parent=16107"}],"curies":[{"name":"wp","href":"https:\/\/api.w.org\/{rel}","templated":true}]}}