{"id":16101,"date":"2014-11-07T09:49:28","date_gmt":"2014-11-07T09:49:28","guid":{"rendered":"https:\/\/www.atlasaruba.com\/sobre-nosotros\/"},"modified":"2022-07-21T13:20:35","modified_gmt":"2022-07-21T13:20:35","slug":"sobre-nosotros","status":"publish","type":"page","link":"https:\/\/www.atlasaruba.com\/es\/sobre-nosotros\/","title":{"rendered":"Sobre nosotros"},"content":{"rendered":"<p>[vc_row row_type=\u00bbrow\u00bb use_row_as_full_screen_section=\u00bbno\u00bb type=\u00bbgrid\u00bb anchor=\u00bbportfolio\u00bb angled_section=\u00bbno\u00bb text_align=\u00bbleft\u00bb background_image_as_pattern=\u00bbwithout_pattern\u00bb padding_top=\u00bb17&#8243; padding_bottom=\u00bb0&#8243; css_animation=\u00bb\u00bb][vc_column][vc_row_inner row_type=\u00bbrow\u00bb type=\u00bbfull_width\u00bb text_align=\u00bbleft\u00bb css_animation=\u00bb\u00bb][vc_column_inner][vc_column_text]<\/p>\n<h1>Introducci\u00f3n a Atlas<\/h1>\n<p>[\/vc_column_text][vc_separator type=\u00bbsmall\u00bb position=\u00bbleft\u00bb up=\u00bb15&#8243; down=\u00bb15&#8243;][vc_column_text]ATLAS se form\u00f3 a principios de 2012 cuando un grupo de profesionales ambiciosos y experimentados uni\u00f3 fuerzas. Est\u00e1n a su disposici\u00f3n con sus servicios en los campos de contabilidad, impuestos y asesor\u00eda, persiguiendo los m\u00e1s altos est\u00e1ndares de calidad y atenci\u00f3n personalizada a tarifas por hora asequibles.<\/p>\n<p>&nbsp;<\/p>\n<p>ATLAS cuenta con una cartera de clientes muy diversa. Asesoramos a personas de alto poder adquisitivo, medianas empresas y empresas internacionales. Nuestra amplia gama de conocimientos y experiencia internos nos permite ayudar a nuestros clientes de manera eficiente en m\u00faltiples \u00e1reas de especializaci\u00f3n profesional, ofreciendo atenci\u00f3n personalizada a tarifas por hora atractivas.<\/p>\n<p>&nbsp;<\/p>\n<p>La oficina principal de ATLAS se encuentra en Aruba, donde el personal de la empresa trabaja arduamente todos los d\u00edas para brindar a los clientes el m\u00e1s alto nivel de servicio. Sus alas tambi\u00e9n se extienden a los dem\u00e1s territorios caribe\u00f1os del Reino de los Pa\u00edses Bajos (St. Maarten, Curazao y las islas BES). En ocasiones, ATLAS trabaja con consultoras locales independientes que tambi\u00e9n cuentan con una trayectoria comprobada.<\/p>\n<p>&nbsp;<\/p>\n<p>Siempre es bienvenido a visitarnos y conocer a nuestro equipo. \u00a1Esperamos conocerte![\/vc_column_text][\/vc_column_inner][\/vc_row_inner][\/vc_column][\/vc_row][vc_row row_type=\u00bbrow\u00bb use_row_as_full_screen_section=\u00bbno\u00bb type=\u00bbfull_width\u00bb angled_section=\u00bbno\u00bb text_align=\u00bbleft\u00bb background_image_as_pattern=\u00bbwithout_pattern\u00bb css_animation=\u00bb\u00bb][vc_column][vc_empty_space][\/vc_column][\/vc_row]<\/p>\n","protected":false},"excerpt":{"rendered":"<p>[vc_row row_type=\u00bbrow\u00bb use_row_as_full_screen_section=\u00bbno\u00bb type=\u00bbgrid\u00bb anchor=\u00bbportfolio\u00bb angled_section=\u00bbno\u00bb text_align=\u00bbleft\u00bb background_image_as_pattern=\u00bbwithout_pattern\u00bb padding_top=\u00bb17&#8243; padding_bottom=\u00bb0&#8243; css_animation=\u00bb\u00bb][vc_column][vc_row_inner row_type=\u00bbrow\u00bb type=\u00bbfull_width\u00bb text_align=\u00bbleft\u00bb css_animation=\u00bb\u00bb][vc_column_inner][vc_column_text] Introducci\u00f3n a Atlas [\/vc_column_text][vc_separator type=\u00bbsmall\u00bb position=\u00bbleft\u00bb up=\u00bb15&#8243; down=\u00bb15&#8243;][vc_column_text]ATLAS se form\u00f3 a principios de 2012 cuando un grupo de profesionales ambiciosos y experimentados uni\u00f3 fuerzas. Est\u00e1n a su disposici\u00f3n con sus&#8230;<\/p>\n","protected":false},"author":1,"featured_media":0,"parent":0,"menu_order":0,"comment_status":"open","ping_status":"open","template":"","meta":{"_monsterinsights_skip_tracking":false,"_monsterinsights_sitenote_active":false,"_monsterinsights_sitenote_note":"","_monsterinsights_sitenote_category":0,"footnotes":""},"class_list":["post-16101","page","type-page","status-publish","hentry"],"_links":{"self":[{"href":"https:\/\/www.atlasaruba.com\/es\/wp-json\/wp\/v2\/pages\/16101","targetHints":{"allow":["GET"]}}],"collection":[{"href":"https:\/\/www.atlasaruba.com\/es\/wp-json\/wp\/v2\/pages"}],"about":[{"href":"https:\/\/www.atlasaruba.com\/es\/wp-json\/wp\/v2\/types\/page"}],"author":[{"embeddable":true,"href":"https:\/\/www.atlasaruba.com\/es\/wp-json\/wp\/v2\/users\/1"}],"replies":[{"embeddable":true,"href":"https:\/\/www.atlasaruba.com\/es\/wp-json\/wp\/v2\/comments?post=16101"}],"version-history":[{"count":8,"href":"https:\/\/www.atlasaruba.com\/es\/wp-json\/wp\/v2\/pages\/16101\/revisions"}],"predecessor-version":[{"id":16314,"href":"https:\/\/www.atlasaruba.com\/es\/wp-json\/wp\/v2\/pages\/16101\/revisions\/16314"}],"wp:attachment":[{"href":"https:\/\/www.atlasaruba.com\/es\/wp-json\/wp\/v2\/media?parent=16101"}],"curies":[{"name":"wp","href":"https:\/\/api.w.org\/{rel}","templated":true}]}}